{"id":837,"date":"2025-07-01T08:23:14","date_gmt":"2025-07-01T08:23:14","guid":{"rendered":"https:\/\/oleomitiga.com\/?page_id=837"},"modified":"2025-07-02T11:48:05","modified_gmt":"2025-07-02T11:48:05","slug":"app-oleo-mitiga","status":"publish","type":"page","link":"https:\/\/oleomitiga.com\/index.php\/app-oleo-mitiga\/","title":{"rendered":"APP"},"content":{"rendered":"\n<p style=\"margin-top:0;margin-right:var(--wp--preset--spacing--60);margin-bottom:0;margin-left:var(--wp--preset--spacing--60)\">La <strong>APP de OLEO MITIGA<\/strong> es una aplicaci\u00f3n digital desarrollada para <strong>facilitar la validaci\u00f3n y verificaci\u00f3n interna de proyectos de reducci\u00f3n y secuestro de carbono<\/strong> en explotaciones agr\u00edcolas. Su objetivo es ofrecer una soluci\u00f3n \u00e1gil, estructurada y confiable que permita gestionar de forma sistem\u00e1tica toda la informaci\u00f3n relevante en este tipo de proyectos.<\/p>\n\n\n\n<p style=\"margin-right:var(--wp--preset--spacing--60);margin-left:var(--wp--preset--spacing--60)\">Gracias a su dise\u00f1o colaborativo, permite la interacci\u00f3n entre <strong>usuarios agr\u00edcolas<\/strong> y <strong>usuarios t\u00e9cnicos<\/strong>, centralizando la documentaci\u00f3n, el registro de actividades de campo y la generaci\u00f3n de evidencias necesarias para auditor\u00edas, certificaciones o procesos de mejora continua.<\/p>\n\n\n\n<h3 class=\"wp-block-heading\" style=\"margin-right:var(--wp--preset--spacing--60);margin-left:var(--wp--preset--spacing--60)\">\ud83c\udf0d \u00bfPara qu\u00e9 sirve?<\/h3>\n\n\n\n<p style=\"margin-right:var(--wp--preset--spacing--60);margin-left:var(--wp--preset--spacing--60)\">La APP est\u00e1 pensada para mejorar la <strong>eficiencia, trazabilidad y transparencia<\/strong> en la documentaci\u00f3n de pr\u00e1cticas agr\u00edcolas sostenibles. A trav\u00e9s de su plataforma, los usuarios pueden:<\/p>\n\n\n\n<ul class=\"wp-block-list\">\n<li>Registrar datos y evidencias relacionadas con pr\u00e1cticas como podas, cubiertas vegetales, uso de combustibles y an\u00e1lisis de suelo.<\/li>\n\n\n\n<li>Centralizar la documentaci\u00f3n requerida en procesos de validaci\u00f3n y verificaci\u00f3n.<\/li>\n\n\n\n<li>Facilitar el control interno mediante formularios estructurados, reportes y seguimientos.<\/li>\n\n\n\n<li>Aportar confiabilidad t\u00e9cnica a los proyectos agr\u00edcolas que buscan demostrar su impacto positivo en la captura de carbono.<\/li>\n<\/ul>\n\n\n\n<p style=\"margin-right:var(--wp--preset--spacing--60);margin-left:var(--wp--preset--spacing--60)\">Esta herramienta es clave para avanzar hacia una agricultura m\u00e1s responsable con el medio ambiente, alineada con los objetivos de mitigaci\u00f3n del cambio clim\u00e1tico.<\/p>\n\n\n\n<h3 class=\"wp-block-heading\" style=\"margin-right:var(--wp--preset--spacing--60);margin-left:var(--wp--preset--spacing--60)\">\ud83d\udcd8 \u00bfC\u00f3mo aprender a usarla?<\/h3>\n\n\n\n<p style=\"margin-right:var(--wp--preset--spacing--60);margin-left:var(--wp--preset--spacing--60)\">Te invitamos a consultar el siguiente contenido disponible:<\/p>\n\n\n\n<div class=\"wp-block-columns is-layout-flex wp-container-core-columns-is-layout-28f84493 wp-block-columns-is-layout-flex\">\n<div class=\"wp-block-column is-layout-flow wp-block-column-is-layout-flow\" style=\"flex-basis:33.33%\">\n<figure class=\"wp-block-embed is-type-video is-provider-youtube wp-block-embed-youtube wp-embed-aspect-16-9 wp-has-aspect-ratio\"><div class=\"wp-block-embed__wrapper\">\n<div class=\"ast-oembed-container \" style=\"height: 100%;\"><iframe title=\"\ud83d\udd0d MANUAL DE USO \u2013 APP OLEO MITIGA \ud83c\udf31\" width=\"500\" height=\"281\" src=\"https:\/\/www.youtube.com\/embed\/_eHNHtcgDnY?feature=oembed\" frameborder=\"0\" allow=\"accelerometer; autoplay; clipboard-write; encrypted-media; gyroscope; picture-in-picture; web-share\" referrerpolicy=\"strict-origin-when-cross-origin\" allowfullscreen><\/iframe><\/div>\n<\/div><\/figure>\n\n\n\n<h2 class=\"wp-block-heading has-text-align-center\" style=\"font-size:30px\">\ud83c\udfa5 <strong>Video tutorial paso a paso<\/strong><\/h2>\n<\/div>\n\n\n\n<div class=\"wp-block-column is-layout-flow wp-block-column-is-layout-flow\" style=\"flex-basis:33.33%\">\n<figure class=\"wp-block-embed is-type-video is-provider-youtube wp-block-embed-youtube wp-embed-aspect-16-9 wp-has-aspect-ratio\"><div class=\"wp-block-embed__wrapper\">\n<div class=\"ast-oembed-container \" style=\"height: 100%;\"><iframe title=\"Video Aplicaci\u00f3n M\u00f3vil - Oleo Mitiga\" width=\"500\" height=\"281\" src=\"https:\/\/www.youtube.com\/embed\/QvH7I8dMjQ4?feature=oembed\" frameborder=\"0\" allow=\"accelerometer; autoplay; clipboard-write; encrypted-media; gyroscope; picture-in-picture; web-share\" referrerpolicy=\"strict-origin-when-cross-origin\" allowfullscreen><\/iframe><\/div>\n<\/div><\/figure>\n\n\n\n<h2 class=\"wp-block-heading has-text-align-center\"> \ud83d\udcf2<strong>Video tutorial app m\u00f3vil<\/strong><\/h2>\n<\/div>\n\n\n\n<div class=\"wp-block-column has-background is-layout-flow wp-block-column-is-layout-flow\" style=\"background-color:#94921f;padding-right:var(--wp--preset--spacing--30);padding-left:var(--wp--preset--spacing--30);flex-basis:33.33%\">\n<div style=\"height:34px\" aria-hidden=\"true\" class=\"wp-block-spacer\"><\/div>\n\n\n\n<h2 class=\"wp-block-heading has-text-align-center has-ast-global-color-5-color has-text-color has-link-color wp-elements-c49d6445b08fefb5ce8c5c05f456c735\">\ud83d\udcc4 <strong>Manual de usuario completo<\/strong><\/h2>\n\n\n\n<p class=\"has-text-align-center has-ast-global-color-5-color has-text-color has-link-color wp-elements-5b6acfb4ddfa94942056163c81b9dfd7\"><strong>Si lo prefieres, descubre todo lo que puedes hacer con la app descargando el manual con instrucciones paso a paso.<\/strong><\/p>\n\n\n\n<div class=\"wp-block-file aligncenter has-background has-link-color wp-elements-d8797c76befa93887ca6678fea01d31f\" style=\"background-color:#94921f;margin-top:0;margin-bottom:0\"><a id=\"wp-block-file--media-9ac98b71-fb9e-4bae-8acf-d9337847e2ec\" href=\"https:\/\/oleomitiga.com\/wp-content\/uploads\/2025\/07\/Manual-Usuario-App.pdf\"><strong>MANUAL DE USUARIO<\/strong><\/a><a href=\"https:\/\/oleomitiga.com\/wp-content\/uploads\/2025\/07\/Manual-Usuario-App.pdf\" class=\"wp-block-file__button wp-element-button\" download aria-describedby=\"wp-block-file--media-9ac98b71-fb9e-4bae-8acf-d9337847e2ec\">Descarga<\/a><\/div>\n<\/div>\n<\/div>\n\n\n\n<p style=\"margin-right:var(--wp--preset--spacing--60);margin-left:var(--wp--preset--spacing--60)\">Ambos recursos te guiar\u00e1n en la correcta utilizaci\u00f3n de la APP, desde el registro inicial hasta la gesti\u00f3n avanzada de explotaciones y validaciones.<\/p>\n\n\n\n<div class=\"wp-block-columns has-background is-layout-flex wp-container-core-columns-is-layout-28f84493 wp-block-columns-is-layout-flex\" style=\"background-color:#94921f\">\n<div class=\"wp-block-column is-layout-flow wp-block-column-is-layout-flow\">\n<h2 class=\"wp-block-heading has-text-align-center has-ast-global-color-5-color has-text-color has-link-color wp-elements-6d4dfff987205990e49ecdc5142aa3c3\">\u00bfQuieres impulsar la sostenibilidad y el rigor t\u00e9cnico en tus proyectos agr\u00edcolas?<\/h2>\n\n\n\n<p class=\"has-text-align-center has-ast-global-color-5-color has-text-color has-link-color wp-elements-ec7b85495033f60d5e33628a478c64c4\"><strong>OLEO MITIGA<\/strong> es tu aliada para hacerlo posible, con tecnolog\u00eda dise\u00f1ada para el campo y el futuro del planeta.<\/p>\n\n\n\n<div class=\"wp-block-columns is-layout-flex wp-container-core-columns-is-layout-28f84493 wp-block-columns-is-layout-flex\">\n<div class=\"wp-block-column is-layout-flow wp-block-column-is-layout-flow\" style=\"flex-basis:33.33%\">\n<div style=\"height:35px\" aria-hidden=\"true\" class=\"wp-block-spacer\"><\/div>\n\n\n\n<div class=\"wp-block-buttons is-content-justification-center is-layout-flex wp-container-core-buttons-is-layout-a89b3969 wp-block-buttons-is-layout-flex\">\n<div class=\"wp-block-button has-custom-width wp-block-button__width-75\"><a class=\"wp-block-button__link has-custom-font-size wp-element-button\" href=\"https:\/\/app.oleomitiga.com\" style=\"font-size:43px\" target=\"_blank\" rel=\"noreferrer noopener\">DESCARGA AHORA<\/a><\/div>\n<\/div>\n<\/div>\n\n\n\n<div class=\"wp-block-column is-layout-flow wp-block-column-is-layout-flow\" style=\"flex-basis:66.66%\">\n<figure class=\"wp-block-image size-large\"><a href=\"https:\/\/app.oleomitiga.com\" target=\"_blank\" rel=\" noreferrer noopener\"><img fetchpriority=\"high\" decoding=\"async\" width=\"1024\" height=\"576\" src=\"https:\/\/oleomitiga.com\/wp-content\/uploads\/2025\/07\/Validacion-y-verificacion-interna-de-la-1024x576.png\" alt=\"APP Oleo Mitiga\" class=\"wp-image-839\" srcset=\"https:\/\/oleomitiga.com\/wp-content\/uploads\/2025\/07\/Validacion-y-verificacion-interna-de-la-1024x576.png 1024w, https:\/\/oleomitiga.com\/wp-content\/uploads\/2025\/07\/Validacion-y-verificacion-interna-de-la-300x169.png 300w, https:\/\/oleomitiga.com\/wp-content\/uploads\/2025\/07\/Validacion-y-verificacion-interna-de-la-768x432.png 768w, https:\/\/oleomitiga.com\/wp-content\/uploads\/2025\/07\/Validacion-y-verificacion-interna-de-la-1536x864.png 1536w, https:\/\/oleomitiga.com\/wp-content\/uploads\/2025\/07\/Validacion-y-verificacion-interna-de-la-2048x1152.png 2048w\" sizes=\"(max-width: 1024px) 100vw, 1024px\" \/><\/a><\/figure>\n<\/div>\n<\/div>\n<\/div>\n<\/div>\n","protected":false},"excerpt":{"rendered":"<p>La APP de OLEO MITIGA es una aplicaci\u00f3n digital desarrollada para facilitar la validaci\u00f3n y verificaci\u00f3n interna de proyectos de [&hellip;]<\/p>\n","protected":false},"author":1,"featured_media":0,"parent":0,"menu_order":0,"comment_status":"closed","ping_status":"closed","template":"","meta":{"site-sidebar-layout":"default","site-content-layout":"","ast-site-content-layout":"default","site-content-style":"default","site-sidebar-style":"default","ast-global-header-display":"","ast-banner-title-visibility":"","ast-main-header-display":"","ast-hfb-above-header-display":"","ast-hfb-below-header-display":"","ast-hfb-mobile-header-display":"","site-post-title":"","ast-breadcrumbs-content":"","ast-featured-img":"","footer-sml-layout":"","theme-transparent-header-meta":"","adv-header-id-meta":"","stick-header-meta":"","header-above-stick-meta":"","header-main-stick-meta":"","header-below-stick-meta":"","astra-migrate-meta-layouts":"default","ast-page-background-enabled":"default","ast-page-background-meta":{"desktop":{"background-color":"var(--ast-global-color-4)","background-image":"","background-repeat":"repeat","background-position":"center center","background-size":"auto","background-attachment":"scroll","background-type":"","background-media":"","overlay-type":"","overlay-color":"","overlay-opacity":"","overlay-gradient":""},"tablet":{"background-color":"","background-image":"","background-repeat":"repeat","background-position":"center center","background-size":"auto","background-attachment":"scroll","background-type":"","background-media":"","overlay-type":"","overlay-color":"","overlay-opacity":"","overlay-gradient":""},"mobile":{"background-color":"","background-image":"","background-repeat":"repeat","background-position":"center center","background-size":"auto","background-attachment":"scroll","background-type":"","background-media":"","overlay-type":"","overlay-color":"","overlay-opacity":"","overlay-gradient":""}},"ast-content-background-meta":{"desktop":{"background-color":"var(--ast-global-color-5)","background-image":"","background-repeat":"repeat","background-position":"center center","background-size":"auto","background-attachment":"scroll","background-type":"","background-media":"","overlay-type":"","overlay-color":"","overlay-opacity":"","overlay-gradient":""},"tablet":{"background-color":"var(--ast-global-color-5)","background-image":"","background-repeat":"repeat","background-position":"center center","background-size":"auto","background-attachment":"scroll","background-type":"","background-media":"","overlay-type":"","overlay-color":"","overlay-opacity":"","overlay-gradient":""},"mobile":{"background-color":"var(--ast-global-color-5)","background-image":"","background-repeat":"repeat","background-position":"center center","background-size":"auto","background-attachment":"scroll","background-type":"","background-media":"","overlay-type":"","overlay-color":"","overlay-opacity":"","overlay-gradient":""}},"footnotes":""},"class_list":["post-837","page","type-page","status-publish","hentry"],"yoast_head":"<!-- This site is optimized with the Yoast SEO plugin v27.3 - https:\/\/yoast.com\/product\/yoast-seo-wordpress\/ -->\n<title>APP -<\/title>\n<meta name=\"description\" content=\"APP Oleo Mitiga - Aplicaci\u00f3n desarrollada para facilitar la validaci\u00f3n y verificaci\u00f3n de proyectos de reducci\u00f3n y secuestro de carbono.\" \/>\n<meta name=\"robots\" content=\"index, follow, max-snippet:-1, max-image-preview:large, max-video-preview:-1\" \/>\n<link rel=\"canonical\" href=\"https:\/\/oleomitiga.com\/index.php\/app-oleo-mitiga\/\" \/>\n<meta property=\"og:locale\" content=\"es_ES\" \/>\n<meta property=\"og:type\" content=\"article\" \/>\n<meta property=\"og:title\" content=\"APP -\" \/>\n<meta property=\"og:description\" content=\"APP Oleo Mitiga - Aplicaci\u00f3n desarrollada para facilitar la validaci\u00f3n y verificaci\u00f3n de proyectos de reducci\u00f3n y secuestro de carbono.\" \/>\n<meta property=\"og:url\" content=\"https:\/\/oleomitiga.com\/index.php\/app-oleo-mitiga\/\" \/>\n<meta property=\"article:modified_time\" content=\"2025-07-02T11:48:05+00:00\" \/>\n<meta property=\"og:image\" content=\"https:\/\/oleomitiga.com\/wp-content\/uploads\/2025\/07\/Validacion-y-verificacion-interna-de-la.png\" \/>\n\t<meta property=\"og:image:width\" content=\"2560\" \/>\n\t<meta property=\"og:image:height\" content=\"1440\" \/>\n\t<meta property=\"og:image:type\" content=\"image\/png\" \/>\n<meta name=\"twitter:card\" content=\"summary_large_image\" \/>\n<meta name=\"twitter:label1\" content=\"Tiempo de lectura\" \/>\n\t<meta name=\"twitter:data1\" content=\"2 minutos\" \/>\n<script type=\"application\/ld+json\" class=\"yoast-schema-graph\">{\"@context\":\"https:\\\/\\\/schema.org\",\"@graph\":[{\"@type\":\"WebPage\",\"@id\":\"https:\\\/\\\/oleomitiga.com\\\/index.php\\\/app-oleo-mitiga\\\/\",\"url\":\"https:\\\/\\\/oleomitiga.com\\\/index.php\\\/app-oleo-mitiga\\\/\",\"name\":\"APP -\",\"isPartOf\":{\"@id\":\"https:\\\/\\\/oleomitiga.com\\\/#website\"},\"primaryImageOfPage\":{\"@id\":\"https:\\\/\\\/oleomitiga.com\\\/index.php\\\/app-oleo-mitiga\\\/#primaryimage\"},\"image\":{\"@id\":\"https:\\\/\\\/oleomitiga.com\\\/index.php\\\/app-oleo-mitiga\\\/#primaryimage\"},\"thumbnailUrl\":\"https:\\\/\\\/oleomitiga.com\\\/wp-content\\\/uploads\\\/2025\\\/07\\\/Validacion-y-verificacion-interna-de-la-1024x576.png\",\"datePublished\":\"2025-07-01T08:23:14+00:00\",\"dateModified\":\"2025-07-02T11:48:05+00:00\",\"description\":\"APP Oleo Mitiga - Aplicaci\u00f3n desarrollada para facilitar la validaci\u00f3n y verificaci\u00f3n de proyectos de reducci\u00f3n y secuestro de carbono.\",\"breadcrumb\":{\"@id\":\"https:\\\/\\\/oleomitiga.com\\\/index.php\\\/app-oleo-mitiga\\\/#breadcrumb\"},\"inLanguage\":\"es\",\"potentialAction\":[{\"@type\":\"ReadAction\",\"target\":[\"https:\\\/\\\/oleomitiga.com\\\/index.php\\\/app-oleo-mitiga\\\/\"]}]},{\"@type\":\"ImageObject\",\"inLanguage\":\"es\",\"@id\":\"https:\\\/\\\/oleomitiga.com\\\/index.php\\\/app-oleo-mitiga\\\/#primaryimage\",\"url\":\"https:\\\/\\\/oleomitiga.com\\\/wp-content\\\/uploads\\\/2025\\\/07\\\/Validacion-y-verificacion-interna-de-la.png\",\"contentUrl\":\"https:\\\/\\\/oleomitiga.com\\\/wp-content\\\/uploads\\\/2025\\\/07\\\/Validacion-y-verificacion-interna-de-la.png\",\"width\":2560,\"height\":1440},{\"@type\":\"BreadcrumbList\",\"@id\":\"https:\\\/\\\/oleomitiga.com\\\/index.php\\\/app-oleo-mitiga\\\/#breadcrumb\",\"itemListElement\":[{\"@type\":\"ListItem\",\"position\":1,\"name\":\"Portada\",\"item\":\"https:\\\/\\\/oleomitiga.com\\\/\"},{\"@type\":\"ListItem\",\"position\":2,\"name\":\"APP\"}]},{\"@type\":\"WebSite\",\"@id\":\"https:\\\/\\\/oleomitiga.com\\\/#website\",\"url\":\"https:\\\/\\\/oleomitiga.com\\\/\",\"name\":\"\",\"description\":\"\",\"potentialAction\":[{\"@type\":\"SearchAction\",\"target\":{\"@type\":\"EntryPoint\",\"urlTemplate\":\"https:\\\/\\\/oleomitiga.com\\\/?s={search_term_string}\"},\"query-input\":{\"@type\":\"PropertyValueSpecification\",\"valueRequired\":true,\"valueName\":\"search_term_string\"}}],\"inLanguage\":\"es\"}]}<\/script>\n<!-- \/ Yoast SEO plugin. -->","yoast_head_json":{"title":"APP -","description":"APP Oleo Mitiga - Aplicaci\u00f3n desarrollada para facilitar la validaci\u00f3n y verificaci\u00f3n de proyectos de reducci\u00f3n y secuestro de carbono.","robots":{"index":"index","follow":"follow","max-snippet":"max-snippet:-1","max-image-preview":"max-image-preview:large","max-video-preview":"max-video-preview:-1"},"canonical":"https:\/\/oleomitiga.com\/index.php\/app-oleo-mitiga\/","og_locale":"es_ES","og_type":"article","og_title":"APP -","og_description":"APP Oleo Mitiga - Aplicaci\u00f3n desarrollada para facilitar la validaci\u00f3n y verificaci\u00f3n de proyectos de reducci\u00f3n y secuestro de carbono.","og_url":"https:\/\/oleomitiga.com\/index.php\/app-oleo-mitiga\/","article_modified_time":"2025-07-02T11:48:05+00:00","og_image":[{"width":2560,"height":1440,"url":"https:\/\/oleomitiga.com\/wp-content\/uploads\/2025\/07\/Validacion-y-verificacion-interna-de-la.png","type":"image\/png"}],"twitter_card":"summary_large_image","twitter_misc":{"Tiempo de lectura":"2 minutos"},"schema":{"@context":"https:\/\/schema.org","@graph":[{"@type":"WebPage","@id":"https:\/\/oleomitiga.com\/index.php\/app-oleo-mitiga\/","url":"https:\/\/oleomitiga.com\/index.php\/app-oleo-mitiga\/","name":"APP -","isPartOf":{"@id":"https:\/\/oleomitiga.com\/#website"},"primaryImageOfPage":{"@id":"https:\/\/oleomitiga.com\/index.php\/app-oleo-mitiga\/#primaryimage"},"image":{"@id":"https:\/\/oleomitiga.com\/index.php\/app-oleo-mitiga\/#primaryimage"},"thumbnailUrl":"https:\/\/oleomitiga.com\/wp-content\/uploads\/2025\/07\/Validacion-y-verificacion-interna-de-la-1024x576.png","datePublished":"2025-07-01T08:23:14+00:00","dateModified":"2025-07-02T11:48:05+00:00","description":"APP Oleo Mitiga - Aplicaci\u00f3n desarrollada para facilitar la validaci\u00f3n y verificaci\u00f3n de proyectos de reducci\u00f3n y secuestro de carbono.","breadcrumb":{"@id":"https:\/\/oleomitiga.com\/index.php\/app-oleo-mitiga\/#breadcrumb"},"inLanguage":"es","potentialAction":[{"@type":"ReadAction","target":["https:\/\/oleomitiga.com\/index.php\/app-oleo-mitiga\/"]}]},{"@type":"ImageObject","inLanguage":"es","@id":"https:\/\/oleomitiga.com\/index.php\/app-oleo-mitiga\/#primaryimage","url":"https:\/\/oleomitiga.com\/wp-content\/uploads\/2025\/07\/Validacion-y-verificacion-interna-de-la.png","contentUrl":"https:\/\/oleomitiga.com\/wp-content\/uploads\/2025\/07\/Validacion-y-verificacion-interna-de-la.png","width":2560,"height":1440},{"@type":"BreadcrumbList","@id":"https:\/\/oleomitiga.com\/index.php\/app-oleo-mitiga\/#breadcrumb","itemListElement":[{"@type":"ListItem","position":1,"name":"Portada","item":"https:\/\/oleomitiga.com\/"},{"@type":"ListItem","position":2,"name":"APP"}]},{"@type":"WebSite","@id":"https:\/\/oleomitiga.com\/#website","url":"https:\/\/oleomitiga.com\/","name":"","description":"","potentialAction":[{"@type":"SearchAction","target":{"@type":"EntryPoint","urlTemplate":"https:\/\/oleomitiga.com\/?s={search_term_string}"},"query-input":{"@type":"PropertyValueSpecification","valueRequired":true,"valueName":"search_term_string"}}],"inLanguage":"es"}]}},"_links":{"self":[{"href":"https:\/\/oleomitiga.com\/index.php\/wp-json\/wp\/v2\/pages\/837","targetHints":{"allow":["GET"]}}],"collection":[{"href":"https:\/\/oleomitiga.com\/index.php\/wp-json\/wp\/v2\/pages"}],"about":[{"href":"https:\/\/oleomitiga.com\/index.php\/wp-json\/wp\/v2\/types\/page"}],"author":[{"embeddable":true,"href":"https:\/\/oleomitiga.com\/index.php\/wp-json\/wp\/v2\/users\/1"}],"replies":[{"embeddable":true,"href":"https:\/\/oleomitiga.com\/index.php\/wp-json\/wp\/v2\/comments?post=837"}],"version-history":[{"count":14,"href":"https:\/\/oleomitiga.com\/index.php\/wp-json\/wp\/v2\/pages\/837\/revisions"}],"predecessor-version":[{"id":861,"href":"https:\/\/oleomitiga.com\/index.php\/wp-json\/wp\/v2\/pages\/837\/revisions\/861"}],"wp:attachment":[{"href":"https:\/\/oleomitiga.com\/index.php\/wp-json\/wp\/v2\/media?parent=837"}],"curies":[{"name":"wp","href":"https:\/\/api.w.org\/{rel}","templated":true}]}}