{"id":695,"date":"2025-02-17T12:07:40","date_gmt":"2025-02-17T12:07:40","guid":{"rendered":"https:\/\/oleomitiga.com\/?page_id=695"},"modified":"2025-07-21T09:28:58","modified_gmt":"2025-07-21T09:28:58","slug":"publicaciones","status":"publish","type":"page","link":"https:\/\/oleomitiga.com\/index.php\/publicaciones\/","title":{"rendered":"Publicaciones"},"content":{"rendered":"\n<div class=\"wp-block-group alignfull has-background is-layout-constrained wp-container-core-group-is-layout-669513ed wp-block-group-is-layout-constrained\" style=\"background-color:#94921f;margin-top:0;margin-bottom:0;padding-top:var(--wp--preset--spacing--50);padding-right:var(--wp--preset--spacing--50);padding-bottom:var(--wp--preset--spacing--50);padding-left:var(--wp--preset--spacing--50)\">\n<div class=\"wp-block-group is-vertical is-content-justification-center is-layout-flex wp-container-core-group-is-layout-ce155fab wp-block-group-is-layout-flex\">\n<h2 class=\"wp-block-heading has-text-align-center has-ast-global-color-5-color has-text-color has-link-color has-xx-large-font-size wp-elements-7e16db8e09a9b8e1eb4bec501573591d\">\u00a1NUEVO MANUAL DE BUENAS PR\u00c1CTICAS EN EL OLIVAR TRADICIONAL!<\/h2>\n\n\n\n<p class=\"has-text-align-center has-ast-global-color-5-color has-text-color has-link-color has-medium-font-size wp-elements-713d7ca3d04a0e0f31896e840a40c3fe\">\ud83d\udcd8 Este manual recoge recomendaciones t\u00e9cnicas actualizadas, experiencias de campo y claves para mejorar la <strong>salud del suelo<\/strong>, <strong>reducir insumos<\/strong> y <strong>aumentar la resiliencia del olivar tradicional<\/strong>.\ud83c\udf31<\/p>\n<\/div>\n\n\n\n<div class=\"wp-block-columns is-layout-flex wp-container-core-columns-is-layout-28f84493 wp-block-columns-is-layout-flex\">\n<div class=\"wp-block-column is-layout-flow wp-block-column-is-layout-flow\" style=\"flex-basis:50%\">\n<div style=\"height:60px\" aria-hidden=\"true\" class=\"wp-block-spacer\"><\/div>\n\n\n\n<div class=\"wp-block-buttons is-content-justification-center is-layout-flex wp-container-core-buttons-is-layout-a89b3969 wp-block-buttons-is-layout-flex\">\n<div class=\"wp-block-button has-custom-width wp-block-button__width-75\"><a class=\"wp-block-button__link has-custom-font-size wp-element-button\" href=\"https:\/\/oleomitiga.com\/wp-content\/uploads\/2025\/07\/Manual-de-Buenas-Practicas_compressed.pdf\" style=\"font-size:43px\" target=\"_blank\" rel=\"noreferrer noopener\">DESCARGA AHORA<\/a><\/div>\n<\/div>\n<\/div>\n\n\n\n<div class=\"wp-block-column is-layout-flow wp-block-column-is-layout-flow\" style=\"flex-basis:50%\">\n<figure class=\"wp-block-image aligncenter size-full is-resized\"><a href=\"https:\/\/oleomitiga.com\/wp-content\/uploads\/2025\/07\/Manual-de-Buenas-Practicas_compressed.pdf\" target=\"_blank\" rel=\" noreferrer noopener\"><img fetchpriority=\"high\" decoding=\"async\" width=\"630\" height=\"897\" src=\"https:\/\/oleomitiga.com\/wp-content\/uploads\/2025\/07\/PORTADA-MANUAL.png\" alt=\"\" class=\"wp-image-880\" style=\"width:310px;height:auto\" srcset=\"https:\/\/oleomitiga.com\/wp-content\/uploads\/2025\/07\/PORTADA-MANUAL.png 630w, https:\/\/oleomitiga.com\/wp-content\/uploads\/2025\/07\/PORTADA-MANUAL-211x300.png 211w\" sizes=\"(max-width: 630px) 100vw, 630px\" \/><\/a><\/figure>\n\n\n\n<div class=\"wp-block-file aligncenter has-link-color wp-elements-b2665b9242c9474d759697f7f4d255d2\"><a id=\"wp-block-file--media-e09299e4-502f-4a3e-86d7-51b98d3a912e\" href=\"https:\/\/oleomitiga.com\/wp-content\/uploads\/2025\/07\/Manual-de-Buenas-Practicas_compressed.pdf\" target=\"_blank\" rel=\"noreferrer noopener\">Manual de Buenas Pr\u00e1cticas_compressed<\/a><a href=\"https:\/\/oleomitiga.com\/wp-content\/uploads\/2025\/07\/Manual-de-Buenas-Practicas_compressed.pdf\" class=\"wp-block-file__button wp-element-button\" download aria-describedby=\"wp-block-file--media-e09299e4-502f-4a3e-86d7-51b98d3a912e\">Descarga<\/a><\/div>\n<\/div>\n<\/div>\n<\/div>\n\n\n\n<div class=\"wp-block-columns is-layout-flex wp-container-core-columns-is-layout-28f84493 wp-block-columns-is-layout-flex\">\n<div class=\"wp-block-column has-border-color is-layout-flow wp-container-core-column-is-layout-f5bb311e wp-block-column-is-layout-flow\" style=\"border-color:#dab931;border-width:9px\">\n<figure class=\"wp-block-image aligncenter size-full is-resized\"><img decoding=\"async\" width=\"567\" height=\"792\" src=\"https:\/\/oleomitiga.com\/wp-content\/uploads\/2025\/06\/BOLETINASAJA.png\" alt=\"\" class=\"wp-image-775\" style=\"width:310px;height:auto\" srcset=\"https:\/\/oleomitiga.com\/wp-content\/uploads\/2025\/06\/BOLETINASAJA.png 567w, https:\/\/oleomitiga.com\/wp-content\/uploads\/2025\/06\/BOLETINASAJA-215x300.png 215w\" sizes=\"(max-width: 567px) 100vw, 567px\" \/><\/figure>\n\n\n\n<h3 class=\"wp-block-heading has-text-align-center has-background\" style=\"background-color:#dab931\"><strong>REVISTA ASAJA C\u00d3RDOBA JUNIO\/2024<\/strong><\/h3>\n\n\n\n<h4 class=\"wp-block-heading has-text-align-center\">Oleo Mitiga: transformando el olivar<br>andaluz en un aliado contra el cambio<br>clim\u00e1tico<\/h4>\n\n\n\n<div class=\"wp-block-file aligncenter\"><a id=\"wp-block-file--media-dd47b6c3-e43c-4349-ae27-7fb468057eb4\" href=\"https:\/\/oleomitiga.com\/wp-content\/uploads\/2025\/06\/2024-07-REVISTA-JULIO-AGOSTO-2024-ASAJA-CORDOBA.pdf\" target=\"_blank\" rel=\"noreferrer noopener\">2024-07 REVISTA JULIO-AGOSTO 2024 ASAJA CORDOBA<\/a><a href=\"https:\/\/oleomitiga.com\/wp-content\/uploads\/2025\/06\/2024-07-REVISTA-JULIO-AGOSTO-2024-ASAJA-CORDOBA.pdf\" class=\"wp-block-file__button wp-element-button\" download aria-describedby=\"wp-block-file--media-dd47b6c3-e43c-4349-ae27-7fb468057eb4\">Descarga<\/a><\/div>\n<\/div>\n\n\n\n<div class=\"wp-block-column has-border-color is-layout-flow wp-container-core-column-is-layout-f5bb311e wp-block-column-is-layout-flow\" style=\"border-color:#dab931;border-width:9px\">\n<figure class=\"wp-block-image aligncenter size-full is-resized\"><img decoding=\"async\" width=\"567\" height=\"803\" src=\"https:\/\/oleomitiga.com\/wp-content\/uploads\/2025\/06\/ARTOLEO.png\" alt=\"\" class=\"wp-image-773\" style=\"width:300px\" srcset=\"https:\/\/oleomitiga.com\/wp-content\/uploads\/2025\/06\/ARTOLEO.png 567w, https:\/\/oleomitiga.com\/wp-content\/uploads\/2025\/06\/ARTOLEO-212x300.png 212w\" sizes=\"(max-width: 567px) 100vw, 567px\" \/><\/figure>\n\n\n\n<h3 class=\"wp-block-heading has-text-align-center has-background\" style=\"background-color:#dab931\"><strong>ART\u00cdCULO REVISTA AGRICULTURA<\/strong><\/h3>\n\n\n\n<h4 class=\"wp-block-heading has-text-align-center\">El Grupo Operativo OleoMitiga<br>avanza en el mapa de carbono org\u00e1nico<br>de Andaluc\u00eda gracias a la teledetecci\u00f3n<br>y la inteligencia artificial<\/h4>\n\n\n\n<div class=\"wp-block-file aligncenter\"><a id=\"wp-block-file--media-144119e9-abb2-49b8-8b64-757dc19ae329\" href=\"https:\/\/oleomitiga.com\/wp-content\/uploads\/2025\/06\/Agricultura-abril_Repor_UCO.pdf\" target=\"_blank\" rel=\"noreferrer noopener\">Agricultura abril_Repor_UCO<\/a><a href=\"https:\/\/oleomitiga.com\/wp-content\/uploads\/2025\/06\/Agricultura-abril_Repor_UCO.pdf\" class=\"wp-block-file__button wp-element-button\" download aria-describedby=\"wp-block-file--media-144119e9-abb2-49b8-8b64-757dc19ae329\">Descarga<\/a><\/div>\n<\/div>\n\n\n\n<div class=\"wp-block-column has-border-color is-layout-flow wp-container-core-column-is-layout-f5bb311e wp-block-column-is-layout-flow\" style=\"border-color:#dab931;border-width:9px\">\n<figure class=\"wp-block-image aligncenter size-full is-resized\"><img loading=\"lazy\" decoding=\"async\" width=\"518\" height=\"772\" src=\"https:\/\/oleomitiga.com\/wp-content\/uploads\/2025\/06\/capexpoliva-1.png\" alt=\"\" class=\"wp-image-771\" style=\"width:290px;height:auto\" srcset=\"https:\/\/oleomitiga.com\/wp-content\/uploads\/2025\/06\/capexpoliva-1.png 518w, https:\/\/oleomitiga.com\/wp-content\/uploads\/2025\/06\/capexpoliva-1-201x300.png 201w\" sizes=\"(max-width: 518px) 100vw, 518px\" \/><\/figure>\n\n\n\n<h3 class=\"wp-block-heading has-text-align-center has-background\" style=\"background-color:#dab931\"><strong>P\u00d3STER EXPOLIVA<\/strong><\/h3>\n\n\n\n<h4 class=\"wp-block-heading has-text-align-center\">PROTOCOLO DE VALIDACI\u00d3N Y VERIFICACI\u00d3N DE PROYECTOS DE SECUESTRO<br>DE GASES DE EFECTO INVERANDERO (GEI) EN EL OLIVAR TRADICIONAL DE<br>ANDALUC\u00cdA: INTEGRACI\u00d3N DE MODELOS DIGITALES<\/h4>\n\n\n\n<div class=\"wp-block-file aligncenter\"><a id=\"wp-block-file--media-43eb8d33-7b97-4b83-a287-d46819d2c561\" href=\"https:\/\/oleomitiga.com\/wp-content\/uploads\/2025\/06\/Op3Expoliva.pdf\" target=\"_blank\" rel=\"noreferrer noopener\">Op3Expoliva<\/a><a href=\"https:\/\/oleomitiga.com\/wp-content\/uploads\/2025\/06\/Op3Expoliva.pdf\" class=\"wp-block-file__button wp-element-button\" download aria-describedby=\"wp-block-file--media-43eb8d33-7b97-4b83-a287-d46819d2c561\">Descarga<\/a><\/div>\n<\/div>\n<\/div>\n\n\n\n<div class=\"wp-block-columns is-layout-flex wp-container-core-columns-is-layout-28f84493 wp-block-columns-is-layout-flex\">\n<div class=\"wp-block-column has-border-color is-layout-flow wp-container-core-column-is-layout-f5bb311e wp-block-column-is-layout-flow\" style=\"border-color:#dab931;border-width:9px\">\n<figure class=\"wp-block-image aligncenter size-full is-resized\"><img loading=\"lazy\" decoding=\"async\" width=\"567\" height=\"783\" src=\"https:\/\/oleomitiga.com\/wp-content\/uploads\/2025\/06\/postersaludsuelo.png\" alt=\"\" class=\"wp-image-779\" style=\"width:310px;height:auto\" srcset=\"https:\/\/oleomitiga.com\/wp-content\/uploads\/2025\/06\/postersaludsuelo.png 567w, https:\/\/oleomitiga.com\/wp-content\/uploads\/2025\/06\/postersaludsuelo-217x300.png 217w\" sizes=\"(max-width: 567px) 100vw, 567px\" \/><\/figure>\n\n\n\n<h3 class=\"wp-block-heading has-text-align-center has-background\" style=\"background-color:#dab931\"><strong>P\u00d3STER ENCUENTRO NACIONAL POR LA SALUD DEL SUELO<\/strong><\/h3>\n\n\n\n<h4 class=\"wp-block-heading has-text-align-center\">MODELO DE PREDICCI\u00d3N DE CARBONO EN SUELO<br>PARA ANDALUC\u00cdA MEDIANTE TELEDETECCI\u00d3N E<br>INTELIGENCIA ARTIFICIAL<\/h4>\n\n\n\n<div class=\"wp-block-file aligncenter\"><a id=\"wp-block-file--media-941f3d88-6992-4fd2-b371-be8040021e92\" href=\"https:\/\/oleomitiga.com\/wp-content\/uploads\/2025\/06\/Poster-Encuentro-Nacional-por-la-Salud-del-Suelo_-Oleo-Mitiga.pdf\" target=\"_blank\" rel=\"noreferrer noopener\">Poster Encuentro Nacional por la Salud del Suelo_ Oleo Mitiga<\/a><a href=\"https:\/\/oleomitiga.com\/wp-content\/uploads\/2025\/06\/Poster-Encuentro-Nacional-por-la-Salud-del-Suelo_-Oleo-Mitiga.pdf\" class=\"wp-block-file__button wp-element-button\" download aria-describedby=\"wp-block-file--media-941f3d88-6992-4fd2-b371-be8040021e92\">Descarga<\/a><\/div>\n<\/div>\n\n\n\n<div class=\"wp-block-column is-layout-flow wp-block-column-is-layout-flow\"><\/div>\n\n\n\n<div class=\"wp-block-column is-layout-flow wp-block-column-is-layout-flow\"><\/div>\n<\/div>\n","protected":false},"excerpt":{"rendered":"<p>\u00a1NUEVO MANUAL DE BUENAS PR\u00c1CTICAS EN EL OLIVAR TRADICIONAL! \ud83d\udcd8 Este manual recoge recomendaciones t\u00e9cnicas actualizadas, experiencias de campo y [&hellip;]<\/p>\n","protected":false},"author":1,"featured_media":0,"parent":0,"menu_order":0,"comment_status":"closed","ping_status":"closed","template":"","meta":{"site-sidebar-layout":"default","site-content-layout":"","ast-site-content-layout":"default","site-content-style":"default","site-sidebar-style":"default","ast-global-header-display":"","ast-banner-title-visibility":"","ast-main-header-display":"","ast-hfb-above-header-display":"","ast-hfb-below-header-display":"","ast-hfb-mobile-header-display":"","site-post-title":"","ast-breadcrumbs-content":"","ast-featured-img":"","footer-sml-layout":"","theme-transparent-header-meta":"","adv-header-id-meta":"","stick-header-meta":"","header-above-stick-meta":"","header-main-stick-meta":"","header-below-stick-meta":"","astra-migrate-meta-layouts":"default","ast-page-background-enabled":"default","ast-page-background-meta":{"desktop":{"background-color":"var(--ast-global-color-4)","background-image":"","background-repeat":"repeat","background-position":"center center","background-size":"auto","background-attachment":"scroll","background-type":"","background-media":"","overlay-type":"","overlay-color":"","overlay-opacity":"","overlay-gradient":""},"tablet":{"background-color":"","background-image":"","background-repeat":"repeat","background-position":"center center","background-size":"auto","background-attachment":"scroll","background-type":"","background-media":"","overlay-type":"","overlay-color":"","overlay-opacity":"","overlay-gradient":""},"mobile":{"background-color":"","background-image":"","background-repeat":"repeat","background-position":"center center","background-size":"auto","background-attachment":"scroll","background-type":"","background-media":"","overlay-type":"","overlay-color":"","overlay-opacity":"","overlay-gradient":""}},"ast-content-background-meta":{"desktop":{"background-color":"var(--ast-global-color-5)","background-image":"","background-repeat":"repeat","background-position":"center center","background-size":"auto","background-attachment":"scroll","background-type":"","background-media":"","overlay-type":"","overlay-color":"","overlay-opacity":"","overlay-gradient":""},"tablet":{"background-color":"var(--ast-global-color-5)","background-image":"","background-repeat":"repeat","background-position":"center center","background-size":"auto","background-attachment":"scroll","background-type":"","background-media":"","overlay-type":"","overlay-color":"","overlay-opacity":"","overlay-gradient":""},"mobile":{"background-color":"var(--ast-global-color-5)","background-image":"","background-repeat":"repeat","background-position":"center center","background-size":"auto","background-attachment":"scroll","background-type":"","background-media":"","overlay-type":"","overlay-color":"","overlay-opacity":"","overlay-gradient":""}},"footnotes":""},"class_list":["post-695","page","type-page","status-publish","hentry"],"yoast_head":"<!-- This site is optimized with the Yoast SEO plugin v27.3 - https:\/\/yoast.com\/product\/yoast-seo-wordpress\/ -->\n<title>Publicaciones -<\/title>\n<meta name=\"description\" content=\"Publicaciones - Publicaciones que se han realizado en el marco del proyecto del Grupo Operativo Oleo Mitiga.\" \/>\n<meta name=\"robots\" content=\"index, follow, max-snippet:-1, max-image-preview:large, max-video-preview:-1\" \/>\n<link rel=\"canonical\" href=\"https:\/\/oleomitiga.com\/index.php\/publicaciones\/\" \/>\n<meta property=\"og:locale\" content=\"es_ES\" \/>\n<meta property=\"og:type\" content=\"article\" \/>\n<meta property=\"og:title\" content=\"Publicaciones -\" \/>\n<meta property=\"og:description\" content=\"Publicaciones - Publicaciones que se han realizado en el marco del proyecto del Grupo Operativo Oleo Mitiga.\" \/>\n<meta property=\"og:url\" content=\"https:\/\/oleomitiga.com\/index.php\/publicaciones\/\" \/>\n<meta property=\"article:modified_time\" content=\"2025-07-21T09:28:58+00:00\" \/>\n<meta property=\"og:image\" content=\"https:\/\/oleomitiga.com\/wp-content\/uploads\/2025\/07\/PORTADA-MANUAL.png\" \/>\n\t<meta property=\"og:image:width\" content=\"630\" \/>\n\t<meta property=\"og:image:height\" content=\"897\" \/>\n\t<meta property=\"og:image:type\" content=\"image\/png\" \/>\n<meta name=\"twitter:card\" content=\"summary_large_image\" \/>\n<meta name=\"twitter:label1\" content=\"Tiempo de lectura\" \/>\n\t<meta name=\"twitter:data1\" content=\"2 minutos\" \/>\n<script type=\"application\/ld+json\" class=\"yoast-schema-graph\">{\"@context\":\"https:\\\/\\\/schema.org\",\"@graph\":[{\"@type\":\"WebPage\",\"@id\":\"https:\\\/\\\/oleomitiga.com\\\/index.php\\\/publicaciones\\\/\",\"url\":\"https:\\\/\\\/oleomitiga.com\\\/index.php\\\/publicaciones\\\/\",\"name\":\"Publicaciones -\",\"isPartOf\":{\"@id\":\"https:\\\/\\\/oleomitiga.com\\\/#website\"},\"primaryImageOfPage\":{\"@id\":\"https:\\\/\\\/oleomitiga.com\\\/index.php\\\/publicaciones\\\/#primaryimage\"},\"image\":{\"@id\":\"https:\\\/\\\/oleomitiga.com\\\/index.php\\\/publicaciones\\\/#primaryimage\"},\"thumbnailUrl\":\"https:\\\/\\\/oleomitiga.com\\\/wp-content\\\/uploads\\\/2025\\\/07\\\/PORTADA-MANUAL.png\",\"datePublished\":\"2025-02-17T12:07:40+00:00\",\"dateModified\":\"2025-07-21T09:28:58+00:00\",\"description\":\"Publicaciones - Publicaciones que se han realizado en el marco del proyecto del Grupo Operativo Oleo Mitiga.\",\"breadcrumb\":{\"@id\":\"https:\\\/\\\/oleomitiga.com\\\/index.php\\\/publicaciones\\\/#breadcrumb\"},\"inLanguage\":\"es\",\"potentialAction\":[{\"@type\":\"ReadAction\",\"target\":[\"https:\\\/\\\/oleomitiga.com\\\/index.php\\\/publicaciones\\\/\"]}]},{\"@type\":\"ImageObject\",\"inLanguage\":\"es\",\"@id\":\"https:\\\/\\\/oleomitiga.com\\\/index.php\\\/publicaciones\\\/#primaryimage\",\"url\":\"https:\\\/\\\/oleomitiga.com\\\/wp-content\\\/uploads\\\/2025\\\/07\\\/PORTADA-MANUAL.png\",\"contentUrl\":\"https:\\\/\\\/oleomitiga.com\\\/wp-content\\\/uploads\\\/2025\\\/07\\\/PORTADA-MANUAL.png\",\"width\":630,\"height\":897},{\"@type\":\"BreadcrumbList\",\"@id\":\"https:\\\/\\\/oleomitiga.com\\\/index.php\\\/publicaciones\\\/#breadcrumb\",\"itemListElement\":[{\"@type\":\"ListItem\",\"position\":1,\"name\":\"Portada\",\"item\":\"https:\\\/\\\/oleomitiga.com\\\/\"},{\"@type\":\"ListItem\",\"position\":2,\"name\":\"Publicaciones\"}]},{\"@type\":\"WebSite\",\"@id\":\"https:\\\/\\\/oleomitiga.com\\\/#website\",\"url\":\"https:\\\/\\\/oleomitiga.com\\\/\",\"name\":\"\",\"description\":\"\",\"potentialAction\":[{\"@type\":\"SearchAction\",\"target\":{\"@type\":\"EntryPoint\",\"urlTemplate\":\"https:\\\/\\\/oleomitiga.com\\\/?s={search_term_string}\"},\"query-input\":{\"@type\":\"PropertyValueSpecification\",\"valueRequired\":true,\"valueName\":\"search_term_string\"}}],\"inLanguage\":\"es\"}]}<\/script>\n<!-- \/ Yoast SEO plugin. -->","yoast_head_json":{"title":"Publicaciones -","description":"Publicaciones - Publicaciones que se han realizado en el marco del proyecto del Grupo Operativo Oleo Mitiga.","robots":{"index":"index","follow":"follow","max-snippet":"max-snippet:-1","max-image-preview":"max-image-preview:large","max-video-preview":"max-video-preview:-1"},"canonical":"https:\/\/oleomitiga.com\/index.php\/publicaciones\/","og_locale":"es_ES","og_type":"article","og_title":"Publicaciones -","og_description":"Publicaciones - Publicaciones que se han realizado en el marco del proyecto del Grupo Operativo Oleo Mitiga.","og_url":"https:\/\/oleomitiga.com\/index.php\/publicaciones\/","article_modified_time":"2025-07-21T09:28:58+00:00","og_image":[{"width":630,"height":897,"url":"https:\/\/oleomitiga.com\/wp-content\/uploads\/2025\/07\/PORTADA-MANUAL.png","type":"image\/png"}],"twitter_card":"summary_large_image","twitter_misc":{"Tiempo de lectura":"2 minutos"},"schema":{"@context":"https:\/\/schema.org","@graph":[{"@type":"WebPage","@id":"https:\/\/oleomitiga.com\/index.php\/publicaciones\/","url":"https:\/\/oleomitiga.com\/index.php\/publicaciones\/","name":"Publicaciones -","isPartOf":{"@id":"https:\/\/oleomitiga.com\/#website"},"primaryImageOfPage":{"@id":"https:\/\/oleomitiga.com\/index.php\/publicaciones\/#primaryimage"},"image":{"@id":"https:\/\/oleomitiga.com\/index.php\/publicaciones\/#primaryimage"},"thumbnailUrl":"https:\/\/oleomitiga.com\/wp-content\/uploads\/2025\/07\/PORTADA-MANUAL.png","datePublished":"2025-02-17T12:07:40+00:00","dateModified":"2025-07-21T09:28:58+00:00","description":"Publicaciones - Publicaciones que se han realizado en el marco del proyecto del Grupo Operativo Oleo Mitiga.","breadcrumb":{"@id":"https:\/\/oleomitiga.com\/index.php\/publicaciones\/#breadcrumb"},"inLanguage":"es","potentialAction":[{"@type":"ReadAction","target":["https:\/\/oleomitiga.com\/index.php\/publicaciones\/"]}]},{"@type":"ImageObject","inLanguage":"es","@id":"https:\/\/oleomitiga.com\/index.php\/publicaciones\/#primaryimage","url":"https:\/\/oleomitiga.com\/wp-content\/uploads\/2025\/07\/PORTADA-MANUAL.png","contentUrl":"https:\/\/oleomitiga.com\/wp-content\/uploads\/2025\/07\/PORTADA-MANUAL.png","width":630,"height":897},{"@type":"BreadcrumbList","@id":"https:\/\/oleomitiga.com\/index.php\/publicaciones\/#breadcrumb","itemListElement":[{"@type":"ListItem","position":1,"name":"Portada","item":"https:\/\/oleomitiga.com\/"},{"@type":"ListItem","position":2,"name":"Publicaciones"}]},{"@type":"WebSite","@id":"https:\/\/oleomitiga.com\/#website","url":"https:\/\/oleomitiga.com\/","name":"","description":"","potentialAction":[{"@type":"SearchAction","target":{"@type":"EntryPoint","urlTemplate":"https:\/\/oleomitiga.com\/?s={search_term_string}"},"query-input":{"@type":"PropertyValueSpecification","valueRequired":true,"valueName":"search_term_string"}}],"inLanguage":"es"}]}},"_links":{"self":[{"href":"https:\/\/oleomitiga.com\/index.php\/wp-json\/wp\/v2\/pages\/695","targetHints":{"allow":["GET"]}}],"collection":[{"href":"https:\/\/oleomitiga.com\/index.php\/wp-json\/wp\/v2\/pages"}],"about":[{"href":"https:\/\/oleomitiga.com\/index.php\/wp-json\/wp\/v2\/types\/page"}],"author":[{"embeddable":true,"href":"https:\/\/oleomitiga.com\/index.php\/wp-json\/wp\/v2\/users\/1"}],"replies":[{"embeddable":true,"href":"https:\/\/oleomitiga.com\/index.php\/wp-json\/wp\/v2\/comments?post=695"}],"version-history":[{"count":5,"href":"https:\/\/oleomitiga.com\/index.php\/wp-json\/wp\/v2\/pages\/695\/revisions"}],"predecessor-version":[{"id":883,"href":"https:\/\/oleomitiga.com\/index.php\/wp-json\/wp\/v2\/pages\/695\/revisions\/883"}],"wp:attachment":[{"href":"https:\/\/oleomitiga.com\/index.php\/wp-json\/wp\/v2\/media?parent=695"}],"curies":[{"name":"wp","href":"https:\/\/api.w.org\/{rel}","templated":true}]}}