{"id":38,"date":"2024-04-23T10:36:30","date_gmt":"2024-04-23T10:36:30","guid":{"rendered":"https:\/\/oleomitiga.com\/?page_id=38"},"modified":"2025-06-17T09:16:13","modified_gmt":"2025-06-17T09:16:13","slug":"video","status":"publish","type":"page","link":"https:\/\/oleomitiga.com\/index.php\/video\/","title":{"rendered":"V\u00eddeo"},"content":{"rendered":"\n<div class=\"wp-block-columns has-background is-layout-flex wp-container-core-columns-is-layout-28f84493 wp-block-columns-is-layout-flex\" style=\"background-color:#94921fe8\">\n<div class=\"wp-block-column is-layout-flow wp-block-column-is-layout-flow\" style=\"flex-basis:66.66%\">\n<figure class=\"wp-block-embed is-type-video is-provider-youtube wp-block-embed-youtube wp-embed-aspect-16-9 wp-has-aspect-ratio\"><div class=\"wp-block-embed__wrapper\">\n<div class=\"ast-oembed-container \" style=\"height: 100%;\"><iframe title=\"Video Aplicaci\u00f3n M\u00f3vil - Oleo Mitiga\" width=\"500\" height=\"281\" src=\"https:\/\/www.youtube.com\/embed\/QvH7I8dMjQ4?feature=oembed\" frameborder=\"0\" allow=\"accelerometer; autoplay; clipboard-write; encrypted-media; gyroscope; picture-in-picture; web-share\" referrerpolicy=\"strict-origin-when-cross-origin\" allowfullscreen><\/iframe><\/div>\n<\/div><\/figure>\n<\/div>\n\n\n\n<div class=\"wp-block-column is-vertically-aligned-center is-layout-flow wp-block-column-is-layout-flow\" style=\"flex-basis:33.33%\">\n<div style=\"height:74px\" aria-hidden=\"true\" class=\"wp-block-spacer\"><\/div>\n\n\n\n<h2 class=\"wp-block-heading has-ast-global-color-7-color has-text-color has-link-color wp-elements-b6a6822875f04028410791c7ae306d13\">Video Aplicaci\u00f3n M\u00f3vil <\/h2>\n\n\n\n<p class=\"has-medium-font-size\">En este v\u00eddeo te mostramos c\u00f3mo utilizar una app pensada para facilitar el proceso de validaci\u00f3n y verificaci\u00f3n interna de la huella de carbono en explotaciones agr\u00edcolas.<\/p>\n<\/div>\n<\/div>\n\n\n\n<div class=\"wp-block-columns has-background is-layout-flex wp-container-core-columns-is-layout-28f84493 wp-block-columns-is-layout-flex\" style=\"background-color:#dab931\">\n<div class=\"wp-block-column is-layout-flow wp-block-column-is-layout-flow\" style=\"flex-basis:33.33%\">\n<div style=\"height:145px\" aria-hidden=\"true\" class=\"wp-block-spacer\"><\/div>\n\n\n\n<h2 class=\"wp-block-heading has-ast-global-color-7-color has-text-color has-link-color wp-elements-9a165ced12d4f16cb1ca9f145c5a2b9f\">\ud83c\udf31 <strong>Formulario Industria<\/strong><\/h2>\n\n\n\n<p class=\"has-medium-font-size\">Estimado\/a profesional de la industria ole\u00edcola: Tu participaci\u00f3n es clave para avanzar hacia una industria m\u00e1s sostenible, innovadora y adaptada a los nuevos desaf\u00edos del sector. Queremos conocer tus intereses, necesidades y pr\u00e1cticas actuales para poder dise\u00f1ar estrategias que realmente aporten valor a toda la cadena de producci\u00f3n y transformaci\u00f3n del aceite de oliva.<\/p>\n<\/div>\n\n\n\n<div class=\"wp-block-column is-layout-flow wp-block-column-is-layout-flow\" style=\"flex-basis:66.66%\">\n<figure class=\"wp-block-embed is-type-video is-provider-youtube wp-block-embed-youtube wp-embed-aspect-16-9 wp-has-aspect-ratio\"><div class=\"wp-block-embed__wrapper\">\n<div class=\"ast-oembed-container \" style=\"height: 100%;\"><iframe title=\"\u00a1Tu voz importa! Ay\u00fadanos a construir una agricultura m\u00e1s sostenible \ud83c\udf31- Formulario Industria\" width=\"500\" height=\"281\" src=\"https:\/\/www.youtube.com\/embed\/2nHos8izkNE?feature=oembed\" frameborder=\"0\" allow=\"accelerometer; autoplay; clipboard-write; encrypted-media; gyroscope; picture-in-picture; web-share\" referrerpolicy=\"strict-origin-when-cross-origin\" allowfullscreen><\/iframe><\/div>\n<\/div><\/figure>\n<\/div>\n<\/div>\n\n\n\n<div class=\"wp-block-columns has-background is-layout-flex wp-container-core-columns-is-layout-28f84493 wp-block-columns-is-layout-flex\" style=\"background-color:#94921fe8\">\n<div class=\"wp-block-column is-layout-flow wp-block-column-is-layout-flow\" style=\"flex-basis:66.66%\">\n<figure class=\"wp-block-embed is-type-video is-provider-youtube wp-block-embed-youtube wp-embed-aspect-16-9 wp-has-aspect-ratio\"><div class=\"wp-block-embed__wrapper\">\n<div class=\"ast-oembed-container \" style=\"height: 100%;\"><iframe title=\"\u00a1Tu voz importa! Ay\u00fadanos a construir una agricultura m\u00e1s sostenible \ud83c\udf31 - Formulario Productores\/as\" width=\"500\" height=\"281\" src=\"https:\/\/www.youtube.com\/embed\/KXLd52KpX_Q?feature=oembed\" frameborder=\"0\" allow=\"accelerometer; autoplay; clipboard-write; encrypted-media; gyroscope; picture-in-picture; web-share\" referrerpolicy=\"strict-origin-when-cross-origin\" allowfullscreen><\/iframe><\/div>\n<\/div><\/figure>\n<\/div>\n\n\n\n<div class=\"wp-block-column is-vertically-aligned-center is-layout-flow wp-block-column-is-layout-flow\" style=\"flex-basis:33.33%\">\n<div style=\"height:74px\" aria-hidden=\"true\" class=\"wp-block-spacer\"><\/div>\n\n\n\n<h2 class=\"wp-block-heading has-ast-global-color-7-color has-text-color has-link-color wp-elements-e567af05dee4e1638b799dfdc2f918e5\">\ud83c\udf31 Formulario Productores\/as<\/h2>\n\n\n\n<p class=\"has-medium-font-size\">Estimado\/a productor\/a: Tu experiencia en el campo es clave para avanzar hacia una agricultura m\u00e1s sostenible y adaptada a la realidad de quienes la hacen posible cada d\u00eda. En el marco de nuestro proyecto, queremos conocer mejor tus intereses, necesidades y pr\u00e1cticas actuales. Esta informaci\u00f3n nos permitir\u00e1 dise\u00f1ar estrategias \u00fatiles y efectivas que realmente respondan a lo que el sector necesita.<\/p>\n<\/div>\n<\/div>\n\n\n\n<div class=\"wp-block-columns has-background is-layout-flex wp-container-core-columns-is-layout-28f84493 wp-block-columns-is-layout-flex\" style=\"background-color:#dab931\">\n<div class=\"wp-block-column is-layout-flow wp-block-column-is-layout-flow\" style=\"flex-basis:33.33%\">\n<div style=\"height:145px\" aria-hidden=\"true\" class=\"wp-block-spacer\"><\/div>\n\n\n\n<h2 class=\"wp-block-heading has-ast-global-color-7-color has-text-color has-link-color wp-elements-aa943150fb6b152736a735e143018733\"><strong>Protegiendo el Olivar Tradicional Andaluz &#8211; Mitigaci\u00f3n Clim\u00e1tica y Nuevas Oportunidades<\/strong><\/h2>\n\n\n\n<p class=\"has-medium-font-size\">Nuestra compa\u00f1era Marianne Salas nos comparte c\u00f3mo trabajamos para ayudar al olivar tradicional andaluz a mitigar los efectos del cambio clim\u00e1tico. <\/p>\n<\/div>\n\n\n\n<div class=\"wp-block-column is-layout-flow wp-block-column-is-layout-flow\" style=\"flex-basis:66.66%\">\n<figure class=\"wp-block-embed is-type-video is-provider-youtube wp-block-embed-youtube wp-embed-aspect-16-9 wp-has-aspect-ratio\"><div class=\"wp-block-embed__wrapper\">\n<div class=\"ast-oembed-container \" style=\"height: 100%;\"><iframe title=\"\ud83c\udf31 Protegiendo el #OlivarTradicionalAndaluz: Mitigaci\u00f3n clim\u00e1tica y nuevas #Oportunidades \ud83c\udf3f\" width=\"500\" height=\"281\" src=\"https:\/\/www.youtube.com\/embed\/KBmi6Hagago?feature=oembed\" frameborder=\"0\" allow=\"accelerometer; autoplay; clipboard-write; encrypted-media; gyroscope; picture-in-picture; web-share\" referrerpolicy=\"strict-origin-when-cross-origin\" allowfullscreen><\/iframe><\/div>\n<\/div><\/figure>\n<\/div>\n<\/div>\n\n\n\n<div class=\"wp-block-columns has-background is-layout-flex wp-container-core-columns-is-layout-28f84493 wp-block-columns-is-layout-flex\" style=\"background-color:#94921fe8\">\n<div class=\"wp-block-column is-layout-flow wp-block-column-is-layout-flow\" style=\"flex-basis:66.66%\">\n<figure class=\"wp-block-embed is-type-video is-provider-youtube wp-block-embed-youtube wp-embed-aspect-16-9 wp-has-aspect-ratio\"><div class=\"wp-block-embed__wrapper\">\n<div class=\"ast-oembed-container \" style=\"height: 100%;\"><iframe title=\"Siembra de cubierta vegetal en Obejo - OleoMitiga\" width=\"500\" height=\"281\" src=\"https:\/\/www.youtube.com\/embed\/hvKCGdX_bfI?feature=oembed\" frameborder=\"0\" allow=\"accelerometer; autoplay; clipboard-write; encrypted-media; gyroscope; picture-in-picture; web-share\" referrerpolicy=\"strict-origin-when-cross-origin\" allowfullscreen><\/iframe><\/div>\n<\/div><\/figure>\n<\/div>\n\n\n\n<div class=\"wp-block-column is-vertically-aligned-center is-layout-flow wp-block-column-is-layout-flow\" style=\"flex-basis:33.33%\">\n<div style=\"height:74px\" aria-hidden=\"true\" class=\"wp-block-spacer\"><\/div>\n\n\n\n<h2 class=\"wp-block-heading has-ast-global-color-7-color has-text-color has-link-color wp-elements-dba3c9a0cde7d08dd454ecf479754aa8\"><strong>Siembra de Cubiertas Vegetales <strong>&#8211;<\/strong><\/strong> <strong>Obejo<\/strong><\/h2>\n\n\n\n<p class=\"has-medium-font-size\">Recientemente, realizamos una salida a campo en la finca de Obejo para la siembra de cubierta vegetal. En esta ocasi\u00f3n, establecimos tres espacios de muestra donde sembramos gram\u00edneas , leguminosas y cruc\u00edferas con un objetivo clave: conocer la aptitud para captura de carbono en las tres familias vegetales.<\/p>\n<\/div>\n<\/div>\n\n\n\n<div class=\"wp-block-columns has-background is-layout-flex wp-container-core-columns-is-layout-28f84493 wp-block-columns-is-layout-flex\" style=\"background-color:#dab931\">\n<div class=\"wp-block-column is-layout-flow wp-block-column-is-layout-flow\" style=\"flex-basis:33.33%\">\n<div style=\"height:145px\" aria-hidden=\"true\" class=\"wp-block-spacer\"><\/div>\n\n\n\n<h2 class=\"wp-block-heading has-ast-global-color-7-color has-text-color has-link-color wp-elements-53529236093f90dfa4c7e8f09c1cd5b0\"><strong>L\u00edneas de Trabajo &#8211; Proyecto Oleo Mitiga<\/strong><\/h2>\n\n\n\n<p class=\"has-medium-font-size\">En este video te comentamos las l\u00edneas de trabajo del proyecto que buscan mitigar el impacto ambiental del cultivo del olivo y potenciar su sostenibilidad.<\/p>\n<\/div>\n\n\n\n<div class=\"wp-block-column is-layout-flow wp-block-column-is-layout-flow\" style=\"flex-basis:66.66%\">\n<figure class=\"wp-block-embed is-type-video is-provider-youtube wp-block-embed-youtube wp-embed-aspect-16-9 wp-has-aspect-ratio\"><div class=\"wp-block-embed__wrapper\">\n<div class=\"ast-oembed-container \" style=\"height: 100%;\"><iframe title=\"L\u00edneas de Trabajo - Proyecto Oleo Mitiga\" width=\"500\" height=\"281\" src=\"https:\/\/www.youtube.com\/embed\/vi2rAyzYyCA?feature=oembed\" frameborder=\"0\" allow=\"accelerometer; autoplay; clipboard-write; encrypted-media; gyroscope; picture-in-picture; web-share\" referrerpolicy=\"strict-origin-when-cross-origin\" allowfullscreen><\/iframe><\/div>\n<\/div><\/figure>\n<\/div>\n<\/div>\n\n\n\n<div class=\"wp-block-columns has-background is-layout-flex wp-container-core-columns-is-layout-28f84493 wp-block-columns-is-layout-flex\" style=\"background-color:#94921fe8\">\n<div class=\"wp-block-column is-layout-flow wp-block-column-is-layout-flow\" style=\"flex-basis:66.66%\">\n<figure class=\"wp-block-embed is-type-video is-provider-youtube wp-block-embed-youtube wp-embed-aspect-16-9 wp-has-aspect-ratio\"><div class=\"wp-block-embed__wrapper\">\n<div class=\"ast-oembed-container \" style=\"height: 100%;\"><iframe title=\"Visita a finca piloto Obejo - Actualizaci\u00f3n del proyecto OLEO MITIGA\" width=\"500\" height=\"281\" src=\"https:\/\/www.youtube.com\/embed\/rWgeDKxWjbE?feature=oembed\" frameborder=\"0\" allow=\"accelerometer; autoplay; clipboard-write; encrypted-media; gyroscope; picture-in-picture; web-share\" referrerpolicy=\"strict-origin-when-cross-origin\" allowfullscreen><\/iframe><\/div>\n<\/div><\/figure>\n<\/div>\n\n\n\n<div class=\"wp-block-column is-vertically-aligned-center is-layout-flow wp-block-column-is-layout-flow\" style=\"flex-basis:33.33%\">\n<div style=\"height:74px\" aria-hidden=\"true\" class=\"wp-block-spacer\"><\/div>\n\n\n\n<h2 class=\"wp-block-heading has-ast-global-color-7-color has-text-color has-link-color wp-elements-83a9d34e9097e3a1938d9f163fc6e422\"><strong>Actualizaci\u00f3n proyecto &#8211; V\u00eddeo visita de campo<\/strong><\/h2>\n\n\n\n<p class=\"has-medium-font-size\">En esta ocasi\u00f3n, hemos ido a las zonas de muestreo de la finca piloto de Obejo para seguir evaluando el impacto de las tecnolog\u00edas de mitigaci\u00f3n basadas en el uso de la tierra aplicadas en el olivar tradicional andaluz como sumideros de GEI. Esta finca destaca por su gran biodiversidad y la integraci\u00f3n del paisaje, elementos esenciales para la sostenibilidad. <\/p>\n<\/div>\n<\/div>\n\n\n\n<div class=\"wp-block-columns has-background is-layout-flex wp-container-core-columns-is-layout-28f84493 wp-block-columns-is-layout-flex\" style=\"background-color:#dab931\">\n<div class=\"wp-block-column is-layout-flow wp-block-column-is-layout-flow\" style=\"flex-basis:33.33%\">\n<div style=\"height:145px\" aria-hidden=\"true\" class=\"wp-block-spacer\"><\/div>\n\n\n\n<h2 class=\"wp-block-heading has-ast-global-color-7-color has-text-color has-link-color wp-elements-d3ad1003499696193674390ac833e3a7\"><strong>Metodolog\u00eda de actuaci\u00f3n &#8211; Visita de campo<\/strong><\/h2>\n\n\n\n<p class=\"has-medium-font-size\">En este video, te mostramos c\u00f3mo evaluamos el impacto de las tecnolog\u00edas de mitigaci\u00f3n basadas en el uso de la tierra (LMTs) en el olivar tradicional andaluz, ayudando a reducir los gases de efecto invernadero (GEI) y promoviendo la sostenibilidad.<\/p>\n<\/div>\n\n\n\n<div class=\"wp-block-column is-layout-flow wp-block-column-is-layout-flow\" style=\"flex-basis:66.66%\">\n<figure class=\"wp-block-embed is-type-video is-provider-youtube wp-block-embed-youtube wp-embed-aspect-16-9 wp-has-aspect-ratio\"><div class=\"wp-block-embed__wrapper\">\n<div class=\"ast-oembed-container \" style=\"height: 100%;\"><iframe title=\"Visita a Finca de Salteras: Metodolog\u00eda de actuaci\u00f3n - Oleo Mitiga\" width=\"500\" height=\"281\" src=\"https:\/\/www.youtube.com\/embed\/9DkJqvgVf9k?feature=oembed\" frameborder=\"0\" allow=\"accelerometer; autoplay; clipboard-write; encrypted-media; gyroscope; picture-in-picture; web-share\" referrerpolicy=\"strict-origin-when-cross-origin\" allowfullscreen><\/iframe><\/div>\n<\/div><\/figure>\n<\/div>\n<\/div>\n\n\n\n<div class=\"wp-block-columns has-background is-layout-flex wp-container-core-columns-is-layout-28f84493 wp-block-columns-is-layout-flex\" style=\"background-color:#94921fe8\">\n<div class=\"wp-block-column is-layout-flow wp-block-column-is-layout-flow\" style=\"flex-basis:66.66%\">\n<figure class=\"wp-block-embed is-type-video is-provider-youtube wp-block-embed-youtube wp-embed-aspect-16-9 wp-has-aspect-ratio\"><div class=\"wp-block-embed__wrapper\">\n<div class=\"ast-oembed-container \" style=\"height: 100%;\"><iframe title=\"Entrevista para Hoy por Hoy Lucena - Grupo Operativo Oleo Mitiga\" width=\"500\" height=\"281\" src=\"https:\/\/www.youtube.com\/embed\/wMtAZ_ChbZs?feature=oembed\" frameborder=\"0\" allow=\"accelerometer; autoplay; clipboard-write; encrypted-media; gyroscope; picture-in-picture; web-share\" referrerpolicy=\"strict-origin-when-cross-origin\" allowfullscreen><\/iframe><\/div>\n<\/div><\/figure>\n<\/div>\n\n\n\n<div class=\"wp-block-column is-vertically-aligned-center is-layout-flow wp-block-column-is-layout-flow\" style=\"flex-basis:33.33%\">\n<div style=\"height:74px\" aria-hidden=\"true\" class=\"wp-block-spacer\"><\/div>\n\n\n\n<h2 class=\"wp-block-heading has-ast-global-color-7-color has-text-color has-link-color wp-elements-10cc807f2207de539f4322819428a4a3\"><strong>Entrevista para Hoy por Hoy Lucena &#8211; Grupo Operativo Oleo Mitiga<\/strong><\/h2>\n\n\n\n<p class=\"has-medium-font-size\">Desde el grupo operativo hemos compartido nuestro proyecto de mitigaci\u00f3n del cambio clim\u00e1tico a trav\u00e9s del olivar tradicional. Descubre c\u00f3mo estas pr\u00e1cticas agr\u00edcolas sostenibles est\u00e1n ayudando a proteger nuestro planeta y a promover un futuro m\u00e1s verde escuchando la entrevista completa. Entrevista realizada por parte del Grupo Operativo Oleo Mitiga al programa Hoy por Hoy Lucena de Cadena Ser.<\/p>\n<\/div>\n<\/div>\n\n\n\n<p><\/p>\n","protected":false},"excerpt":{"rendered":"<p>Video Aplicaci\u00f3n M\u00f3vil En este v\u00eddeo te mostramos c\u00f3mo utilizar una app pensada para facilitar el proceso de validaci\u00f3n y [&hellip;]<\/p>\n","protected":false},"author":1,"featured_media":0,"parent":0,"menu_order":0,"comment_status":"closed","ping_status":"closed","template":"","meta":{"site-sidebar-layout":"default","site-content-layout":"","ast-site-content-layout":"default","site-content-style":"default","site-sidebar-style":"default","ast-global-header-display":"","ast-banner-title-visibility":"","ast-main-header-display":"","ast-hfb-above-header-display":"","ast-hfb-below-header-display":"","ast-hfb-mobile-header-display":"","site-post-title":"disabled","ast-breadcrumbs-content":"","ast-featured-img":"","footer-sml-layout":"","theme-transparent-header-meta":"","adv-header-id-meta":"","stick-header-meta":"","header-above-stick-meta":"","header-main-stick-meta":"","header-below-stick-meta":"","astra-migrate-meta-layouts":"default","ast-page-background-enabled":"default","ast-page-background-meta":{"desktop":{"background-color":"var(--ast-global-color-4)","background-image":"","background-repeat":"repeat","background-position":"center center","background-size":"auto","background-attachment":"scroll","background-type":"","background-media":"","overlay-type":"","overlay-color":"","overlay-opacity":"","overlay-gradient":""},"tablet":{"background-color":"","background-image":"","background-repeat":"repeat","background-position":"center center","background-size":"auto","background-attachment":"scroll","background-type":"","background-media":"","overlay-type":"","overlay-color":"","overlay-opacity":"","overlay-gradient":""},"mobile":{"background-color":"","background-image":"","background-repeat":"repeat","background-position":"center center","background-size":"auto","background-attachment":"scroll","background-type":"","background-media":"","overlay-type":"","overlay-color":"","overlay-opacity":"","overlay-gradient":""}},"ast-content-background-meta":{"desktop":{"background-color":"var(--ast-global-color-5)","background-image":"","background-repeat":"repeat","background-position":"center center","background-size":"auto","background-attachment":"scroll","background-type":"","background-media":"","overlay-type":"","overlay-color":"","overlay-opacity":"","overlay-gradient":""},"tablet":{"background-color":"var(--ast-global-color-5)","background-image":"","background-repeat":"repeat","background-position":"center center","background-size":"auto","background-attachment":"scroll","background-type":"","background-media":"","overlay-type":"","overlay-color":"","overlay-opacity":"","overlay-gradient":""},"mobile":{"background-color":"var(--ast-global-color-5)","background-image":"","background-repeat":"repeat","background-position":"center center","background-size":"auto","background-attachment":"scroll","background-type":"","background-media":"","overlay-type":"","overlay-color":"","overlay-opacity":"","overlay-gradient":""}},"footnotes":""},"class_list":["post-38","page","type-page","status-publish","hentry"],"yoast_head":"<!-- This site is optimized with the Yoast SEO plugin v27.3 - https:\/\/yoast.com\/product\/yoast-seo-wordpress\/ -->\n<title>V\u00eddeo - OLEO MITIGA<\/title>\n<meta name=\"description\" content=\"V\u00eddeo - OLEO MITIGA - En esta secci\u00f3n encontrar\u00e1s los v\u00eddeos que se han grabado en el marco del proyecto OLEO MITIGA.\" \/>\n<meta name=\"robots\" content=\"index, follow, max-snippet:-1, max-image-preview:large, max-video-preview:-1\" \/>\n<link rel=\"canonical\" href=\"https:\/\/oleomitiga.com\/index.php\/video\/\" \/>\n<meta property=\"og:locale\" content=\"es_ES\" \/>\n<meta property=\"og:type\" content=\"article\" \/>\n<meta property=\"og:title\" content=\"V\u00eddeo - OLEO MITIGA\" \/>\n<meta property=\"og:description\" content=\"V\u00eddeo - OLEO MITIGA - En esta secci\u00f3n encontrar\u00e1s los v\u00eddeos que se han grabado en el marco del proyecto OLEO MITIGA.\" \/>\n<meta property=\"og:url\" content=\"https:\/\/oleomitiga.com\/index.php\/video\/\" \/>\n<meta property=\"article:modified_time\" content=\"2025-06-17T09:16:13+00:00\" \/>\n<meta name=\"twitter:card\" content=\"summary_large_image\" \/>\n<meta name=\"twitter:label1\" content=\"Tiempo de lectura\" \/>\n\t<meta name=\"twitter:data1\" content=\"3 minutos\" \/>\n<script type=\"application\/ld+json\" class=\"yoast-schema-graph\">{\"@context\":\"https:\\\/\\\/schema.org\",\"@graph\":[{\"@type\":\"WebPage\",\"@id\":\"https:\\\/\\\/oleomitiga.com\\\/index.php\\\/video\\\/\",\"url\":\"https:\\\/\\\/oleomitiga.com\\\/index.php\\\/video\\\/\",\"name\":\"V\u00eddeo - OLEO MITIGA\",\"isPartOf\":{\"@id\":\"https:\\\/\\\/oleomitiga.com\\\/#website\"},\"datePublished\":\"2024-04-23T10:36:30+00:00\",\"dateModified\":\"2025-06-17T09:16:13+00:00\",\"description\":\"V\u00eddeo - OLEO MITIGA - En esta secci\u00f3n encontrar\u00e1s los v\u00eddeos que se han grabado en el marco del proyecto OLEO MITIGA.\",\"breadcrumb\":{\"@id\":\"https:\\\/\\\/oleomitiga.com\\\/index.php\\\/video\\\/#breadcrumb\"},\"inLanguage\":\"es\",\"potentialAction\":[{\"@type\":\"ReadAction\",\"target\":[\"https:\\\/\\\/oleomitiga.com\\\/index.php\\\/video\\\/\"]}]},{\"@type\":\"BreadcrumbList\",\"@id\":\"https:\\\/\\\/oleomitiga.com\\\/index.php\\\/video\\\/#breadcrumb\",\"itemListElement\":[{\"@type\":\"ListItem\",\"position\":1,\"name\":\"Portada\",\"item\":\"https:\\\/\\\/oleomitiga.com\\\/\"},{\"@type\":\"ListItem\",\"position\":2,\"name\":\"V\u00eddeo\"}]},{\"@type\":\"WebSite\",\"@id\":\"https:\\\/\\\/oleomitiga.com\\\/#website\",\"url\":\"https:\\\/\\\/oleomitiga.com\\\/\",\"name\":\"\",\"description\":\"\",\"potentialAction\":[{\"@type\":\"SearchAction\",\"target\":{\"@type\":\"EntryPoint\",\"urlTemplate\":\"https:\\\/\\\/oleomitiga.com\\\/?s={search_term_string}\"},\"query-input\":{\"@type\":\"PropertyValueSpecification\",\"valueRequired\":true,\"valueName\":\"search_term_string\"}}],\"inLanguage\":\"es\"}]}<\/script>\n<!-- \/ Yoast SEO plugin. -->","yoast_head_json":{"title":"V\u00eddeo - OLEO MITIGA","description":"V\u00eddeo - OLEO MITIGA - En esta secci\u00f3n encontrar\u00e1s los v\u00eddeos que se han grabado en el marco del proyecto OLEO MITIGA.","robots":{"index":"index","follow":"follow","max-snippet":"max-snippet:-1","max-image-preview":"max-image-preview:large","max-video-preview":"max-video-preview:-1"},"canonical":"https:\/\/oleomitiga.com\/index.php\/video\/","og_locale":"es_ES","og_type":"article","og_title":"V\u00eddeo - OLEO MITIGA","og_description":"V\u00eddeo - OLEO MITIGA - En esta secci\u00f3n encontrar\u00e1s los v\u00eddeos que se han grabado en el marco del proyecto OLEO MITIGA.","og_url":"https:\/\/oleomitiga.com\/index.php\/video\/","article_modified_time":"2025-06-17T09:16:13+00:00","twitter_card":"summary_large_image","twitter_misc":{"Tiempo de lectura":"3 minutos"},"schema":{"@context":"https:\/\/schema.org","@graph":[{"@type":"WebPage","@id":"https:\/\/oleomitiga.com\/index.php\/video\/","url":"https:\/\/oleomitiga.com\/index.php\/video\/","name":"V\u00eddeo - OLEO MITIGA","isPartOf":{"@id":"https:\/\/oleomitiga.com\/#website"},"datePublished":"2024-04-23T10:36:30+00:00","dateModified":"2025-06-17T09:16:13+00:00","description":"V\u00eddeo - OLEO MITIGA - En esta secci\u00f3n encontrar\u00e1s los v\u00eddeos que se han grabado en el marco del proyecto OLEO MITIGA.","breadcrumb":{"@id":"https:\/\/oleomitiga.com\/index.php\/video\/#breadcrumb"},"inLanguage":"es","potentialAction":[{"@type":"ReadAction","target":["https:\/\/oleomitiga.com\/index.php\/video\/"]}]},{"@type":"BreadcrumbList","@id":"https:\/\/oleomitiga.com\/index.php\/video\/#breadcrumb","itemListElement":[{"@type":"ListItem","position":1,"name":"Portada","item":"https:\/\/oleomitiga.com\/"},{"@type":"ListItem","position":2,"name":"V\u00eddeo"}]},{"@type":"WebSite","@id":"https:\/\/oleomitiga.com\/#website","url":"https:\/\/oleomitiga.com\/","name":"","description":"","potentialAction":[{"@type":"SearchAction","target":{"@type":"EntryPoint","urlTemplate":"https:\/\/oleomitiga.com\/?s={search_term_string}"},"query-input":{"@type":"PropertyValueSpecification","valueRequired":true,"valueName":"search_term_string"}}],"inLanguage":"es"}]}},"_links":{"self":[{"href":"https:\/\/oleomitiga.com\/index.php\/wp-json\/wp\/v2\/pages\/38","targetHints":{"allow":["GET"]}}],"collection":[{"href":"https:\/\/oleomitiga.com\/index.php\/wp-json\/wp\/v2\/pages"}],"about":[{"href":"https:\/\/oleomitiga.com\/index.php\/wp-json\/wp\/v2\/types\/page"}],"author":[{"embeddable":true,"href":"https:\/\/oleomitiga.com\/index.php\/wp-json\/wp\/v2\/users\/1"}],"replies":[{"embeddable":true,"href":"https:\/\/oleomitiga.com\/index.php\/wp-json\/wp\/v2\/comments?post=38"}],"version-history":[{"count":12,"href":"https:\/\/oleomitiga.com\/index.php\/wp-json\/wp\/v2\/pages\/38\/revisions"}],"predecessor-version":[{"id":763,"href":"https:\/\/oleomitiga.com\/index.php\/wp-json\/wp\/v2\/pages\/38\/revisions\/763"}],"wp:attachment":[{"href":"https:\/\/oleomitiga.com\/index.php\/wp-json\/wp\/v2\/media?parent=38"}],"curies":[{"name":"wp","href":"https:\/\/api.w.org\/{rel}","templated":true}]}}