{"id":34,"date":"2024-04-23T10:35:58","date_gmt":"2024-04-23T10:35:58","guid":{"rendered":"https:\/\/oleomitiga.com\/?page_id=34"},"modified":"2025-06-18T08:28:08","modified_gmt":"2025-06-18T08:28:08","slug":"eventos","status":"publish","type":"page","link":"https:\/\/oleomitiga.com\/index.php\/eventos\/","title":{"rendered":"Eventos"},"content":{"rendered":"\n<div class=\"wp-block-columns is-layout-flex wp-container-core-columns-is-layout-28f84493 wp-block-columns-is-layout-flex\">\n<div class=\"wp-block-column has-border-color is-layout-flow wp-container-core-column-is-layout-f5bb311e wp-block-column-is-layout-flow\" style=\"border-color:#dab931;border-width:9px\">\n<figure class=\"wp-block-image aligncenter size-full is-resized\"><img fetchpriority=\"high\" decoding=\"async\" width=\"473\" height=\"597\" src=\"https:\/\/oleomitiga.com\/wp-content\/uploads\/2025\/06\/SEMINARIOSIMDEEC.png\" alt=\"\" class=\"wp-image-788\" style=\"width:338px;height:auto\" srcset=\"https:\/\/oleomitiga.com\/wp-content\/uploads\/2025\/06\/SEMINARIOSIMDEEC.png 473w, https:\/\/oleomitiga.com\/wp-content\/uploads\/2025\/06\/SEMINARIOSIMDEEC-238x300.png 238w\" sizes=\"(max-width: 473px) 100vw, 473px\" \/><\/figure>\n\n\n\n<h3 class=\"wp-block-heading has-text-align-center has-background\" style=\"background-color:#dab931\"><em><strong>CARBONELL: SEMINARIO SOBRE SOSTENIBILIDAD Y BIOECONOM\u00cdA (11\/10\/2024)<\/strong><\/em><\/h3>\n<\/div>\n\n\n\n<div class=\"wp-block-column has-border-color is-layout-flow wp-container-core-column-is-layout-f5bb311e wp-block-column-is-layout-flow\" style=\"border-color:#dab931;border-width:9px\">\n<figure class=\"wp-block-image aligncenter size-full is-resized\"><img decoding=\"async\" width=\"567\" height=\"807\" src=\"https:\/\/oleomitiga.com\/wp-content\/uploads\/2025\/06\/EXPOAGRITECHFOTO.png\" alt=\"\" class=\"wp-image-792\" style=\"width:307px;height:auto\" srcset=\"https:\/\/oleomitiga.com\/wp-content\/uploads\/2025\/06\/EXPOAGRITECHFOTO.png 567w, https:\/\/oleomitiga.com\/wp-content\/uploads\/2025\/06\/EXPOAGRITECHFOTO-211x300.png 211w\" sizes=\"(max-width: 567px) 100vw, 567px\" \/><\/figure>\n\n\n\n<h3 class=\"wp-block-heading has-text-align-center has-background\" style=\"background-color:#dab931\"><strong><em><em>EXPOAGRITECH &#8211; <em>TALLER CON AGRICULTORES Y T\u00c9CNICOS<\/em><\/em><\/em><\/strong> <strong><em><em>(26\/11\/2024)<\/em><\/em><\/strong><\/h3>\n<\/div>\n\n\n\n<div class=\"wp-block-column has-border-color is-layout-flow wp-container-core-column-is-layout-f5bb311e wp-block-column-is-layout-flow\" style=\"border-color:#dab931;border-width:9px\">\n<figure class=\"wp-block-image aligncenter size-full is-resized\"><img decoding=\"async\" width=\"490\" height=\"611\" src=\"https:\/\/oleomitiga.com\/wp-content\/uploads\/2025\/06\/ANDAGROTECH-1.png\" alt=\"\" class=\"wp-image-787\" style=\"width:340px;height:auto\" srcset=\"https:\/\/oleomitiga.com\/wp-content\/uploads\/2025\/06\/ANDAGROTECH-1.png 490w, https:\/\/oleomitiga.com\/wp-content\/uploads\/2025\/06\/ANDAGROTECH-1-241x300.png 241w\" sizes=\"(max-width: 490px) 100vw, 490px\" \/><\/figure>\n\n\n\n<h3 class=\"wp-block-heading has-text-align-center has-background\" style=\"background-color:#dab931\"><strong><em>JORNADA ANDALUC\u00cdA AGROTECH \u2013 FADEMUR (09\/04\/2025)<\/em><\/strong><\/h3>\n<\/div>\n<\/div>\n\n\n\n<div class=\"wp-block-columns is-layout-flex wp-container-core-columns-is-layout-28f84493 wp-block-columns-is-layout-flex\">\n<div class=\"wp-block-column has-border-color is-layout-flow wp-container-core-column-is-layout-f5bb311e wp-block-column-is-layout-flow\" style=\"border-color:#dab931;border-width:9px\">\n<figure class=\"wp-block-image aligncenter size-full is-resized\"><img loading=\"lazy\" decoding=\"async\" width=\"371\" height=\"513\" src=\"https:\/\/oleomitiga.com\/wp-content\/uploads\/2025\/06\/SOILXCHANGESE.png\" alt=\"\" class=\"wp-image-789\" style=\"width:307px;height:auto\" srcset=\"https:\/\/oleomitiga.com\/wp-content\/uploads\/2025\/06\/SOILXCHANGESE.png 371w, https:\/\/oleomitiga.com\/wp-content\/uploads\/2025\/06\/SOILXCHANGESE-217x300.png 217w\" sizes=\"(max-width: 371px) 100vw, 371px\" \/><\/figure>\n\n\n\n<h3 class=\"wp-block-heading has-text-align-center has-background\" style=\"background-color:#dab931\"><strong><em>WEBINAR SOIL-X-CHANGE: (11\/04\/2025)<\/em><\/strong><\/h3>\n<\/div>\n\n\n\n<div class=\"wp-block-column has-border-color is-layout-flow wp-container-core-column-is-layout-f5bb311e wp-block-column-is-layout-flow\" style=\"border-color:#dab931;border-width:9px\">\n<figure class=\"wp-block-image aligncenter size-full is-resized\"><img loading=\"lazy\" decoding=\"async\" width=\"1600\" height=\"2000\" src=\"https:\/\/oleomitiga.com\/wp-content\/uploads\/2025\/06\/SaluDSUELO-13.png\" alt=\"\" class=\"wp-image-790\" style=\"width:338px;height:auto\" srcset=\"https:\/\/oleomitiga.com\/wp-content\/uploads\/2025\/06\/SaluDSUELO-13.png 1600w, https:\/\/oleomitiga.com\/wp-content\/uploads\/2025\/06\/SaluDSUELO-13-240x300.png 240w, https:\/\/oleomitiga.com\/wp-content\/uploads\/2025\/06\/SaluDSUELO-13-819x1024.png 819w, https:\/\/oleomitiga.com\/wp-content\/uploads\/2025\/06\/SaluDSUELO-13-768x960.png 768w, https:\/\/oleomitiga.com\/wp-content\/uploads\/2025\/06\/SaluDSUELO-13-1229x1536.png 1229w\" sizes=\"(max-width: 1600px) 100vw, 1600px\" \/><\/figure>\n\n\n\n<h3 class=\"wp-block-heading has-text-align-center has-background\" style=\"background-color:#dab931\"><em><strong><em>ENCUENTRO NACIONAL POR LA SALUD DEL SUELO (24\/04\/2025)<\/em><\/strong><\/em><\/h3>\n<\/div>\n\n\n\n<div class=\"wp-block-column has-border-color is-layout-flow wp-container-core-column-is-layout-f5bb311e wp-block-column-is-layout-flow\" style=\"border-color:#dab931;border-width:9px\">\n<figure class=\"wp-block-image aligncenter size-full is-resized\"><img loading=\"lazy\" decoding=\"async\" width=\"1864\" height=\"2178\" src=\"https:\/\/oleomitiga.com\/wp-content\/uploads\/2025\/06\/Opera-Instantanea_2025-06-18_102229_expoliva.com_.png\" alt=\"\" class=\"wp-image-791\" style=\"width:365px;height:auto\" srcset=\"https:\/\/oleomitiga.com\/wp-content\/uploads\/2025\/06\/Opera-Instantanea_2025-06-18_102229_expoliva.com_.png 1864w, https:\/\/oleomitiga.com\/wp-content\/uploads\/2025\/06\/Opera-Instantanea_2025-06-18_102229_expoliva.com_-257x300.png 257w, https:\/\/oleomitiga.com\/wp-content\/uploads\/2025\/06\/Opera-Instantanea_2025-06-18_102229_expoliva.com_-876x1024.png 876w, https:\/\/oleomitiga.com\/wp-content\/uploads\/2025\/06\/Opera-Instantanea_2025-06-18_102229_expoliva.com_-768x897.png 768w, https:\/\/oleomitiga.com\/wp-content\/uploads\/2025\/06\/Opera-Instantanea_2025-06-18_102229_expoliva.com_-1315x1536.png 1315w, https:\/\/oleomitiga.com\/wp-content\/uploads\/2025\/06\/Opera-Instantanea_2025-06-18_102229_expoliva.com_-1753x2048.png 1753w\" sizes=\"(max-width: 1864px) 100vw, 1864px\" \/><\/figure>\n\n\n\n<h3 class=\"wp-block-heading has-text-align-center has-background\" style=\"background-color:#dab931\"><strong><em>EXPOLIVA \u2013 <strong>GRUPOS OPERATIVOS<br>PROYECTOS INNOVADORES PARA EL SECTOR DEL OLIVAR Y EL ACEITE DE OLIVA<\/strong><\/em><\/strong> <strong><em>(17\/05\/2025)<\/em><\/strong><\/h3>\n<\/div>\n<\/div>\n\n\n\n<p><\/p>\n","protected":false},"excerpt":{"rendered":"<p>CARBONELL: SEMINARIO SOBRE SOSTENIBILIDAD Y BIOECONOM\u00cdA (11\/10\/2024) EXPOAGRITECH &#8211; TALLER CON AGRICULTORES Y T\u00c9CNICOS (26\/11\/2024) JORNADA ANDALUC\u00cdA AGROTECH \u2013 FADEMUR [&hellip;]<\/p>\n","protected":false},"author":1,"featured_media":0,"parent":0,"menu_order":0,"comment_status":"closed","ping_status":"closed","template":"","meta":{"site-sidebar-layout":"default","site-content-layout":"","ast-site-content-layout":"default","site-content-style":"default","site-sidebar-style":"default","ast-global-header-display":"","ast-banner-title-visibility":"","ast-main-header-display":"","ast-hfb-above-header-display":"","ast-hfb-below-header-display":"","ast-hfb-mobile-header-display":"","site-post-title":"","ast-breadcrumbs-content":"","ast-featured-img":"","footer-sml-layout":"","theme-transparent-header-meta":"","adv-header-id-meta":"","stick-header-meta":"","header-above-stick-meta":"","header-main-stick-meta":"","header-below-stick-meta":"","astra-migrate-meta-layouts":"default","ast-page-background-enabled":"default","ast-page-background-meta":{"desktop":{"background-color":"var(--ast-global-color-4)","background-image":"","background-repeat":"repeat","background-position":"center center","background-size":"auto","background-attachment":"scroll","background-type":"","background-media":"","overlay-type":"","overlay-color":"","overlay-opacity":"","overlay-gradient":""},"tablet":{"background-color":"","background-image":"","background-repeat":"repeat","background-position":"center center","background-size":"auto","background-attachment":"scroll","background-type":"","background-media":"","overlay-type":"","overlay-color":"","overlay-opacity":"","overlay-gradient":""},"mobile":{"background-color":"","background-image":"","background-repeat":"repeat","background-position":"center center","background-size":"auto","background-attachment":"scroll","background-type":"","background-media":"","overlay-type":"","overlay-color":"","overlay-opacity":"","overlay-gradient":""}},"ast-content-background-meta":{"desktop":{"background-color":"var(--ast-global-color-5)","background-image":"","background-repeat":"repeat","background-position":"center center","background-size":"auto","background-attachment":"scroll","background-type":"","background-media":"","overlay-type":"","overlay-color":"","overlay-opacity":"","overlay-gradient":""},"tablet":{"background-color":"var(--ast-global-color-5)","background-image":"","background-repeat":"repeat","background-position":"center center","background-size":"auto","background-attachment":"scroll","background-type":"","background-media":"","overlay-type":"","overlay-color":"","overlay-opacity":"","overlay-gradient":""},"mobile":{"background-color":"var(--ast-global-color-5)","background-image":"","background-repeat":"repeat","background-position":"center center","background-size":"auto","background-attachment":"scroll","background-type":"","background-media":"","overlay-type":"","overlay-color":"","overlay-opacity":"","overlay-gradient":""}},"footnotes":""},"class_list":["post-34","page","type-page","status-publish","hentry"],"yoast_head":"<!-- This site is optimized with the Yoast SEO plugin v27.3 - https:\/\/yoast.com\/product\/yoast-seo-wordpress\/ -->\n<title>Eventos - OLEO MITIGA<\/title>\n<meta name=\"description\" content=\"Eventos - OLEO MITIGA - En esta secci\u00f3n puedes ponerte al d\u00eda con los \u00faltimos eventos que se han celebrado en el marco del proyecto.\" \/>\n<meta name=\"robots\" content=\"index, follow, max-snippet:-1, max-image-preview:large, max-video-preview:-1\" \/>\n<link rel=\"canonical\" href=\"https:\/\/oleomitiga.com\/index.php\/eventos\/\" \/>\n<meta property=\"og:locale\" content=\"es_ES\" \/>\n<meta property=\"og:type\" content=\"article\" \/>\n<meta property=\"og:title\" content=\"Eventos - OLEO MITIGA\" \/>\n<meta property=\"og:description\" content=\"Eventos - OLEO MITIGA - En esta secci\u00f3n puedes ponerte al d\u00eda con los \u00faltimos eventos que se han celebrado en el marco del proyecto.\" \/>\n<meta property=\"og:url\" content=\"https:\/\/oleomitiga.com\/index.php\/eventos\/\" \/>\n<meta property=\"article:modified_time\" content=\"2025-06-18T08:28:08+00:00\" \/>\n<meta property=\"og:image\" content=\"https:\/\/oleomitiga.com\/wp-content\/uploads\/2025\/06\/SEMINARIOSIMDEEC.png\" \/>\n\t<meta property=\"og:image:width\" content=\"473\" \/>\n\t<meta property=\"og:image:height\" content=\"597\" \/>\n\t<meta property=\"og:image:type\" content=\"image\/png\" \/>\n<meta name=\"twitter:card\" content=\"summary_large_image\" \/>\n<meta name=\"twitter:label1\" content=\"Tiempo de lectura\" \/>\n\t<meta name=\"twitter:data1\" content=\"2 minutos\" \/>\n<script type=\"application\/ld+json\" class=\"yoast-schema-graph\">{\"@context\":\"https:\\\/\\\/schema.org\",\"@graph\":[{\"@type\":\"WebPage\",\"@id\":\"https:\\\/\\\/oleomitiga.com\\\/index.php\\\/eventos\\\/\",\"url\":\"https:\\\/\\\/oleomitiga.com\\\/index.php\\\/eventos\\\/\",\"name\":\"Eventos - OLEO MITIGA\",\"isPartOf\":{\"@id\":\"https:\\\/\\\/oleomitiga.com\\\/#website\"},\"primaryImageOfPage\":{\"@id\":\"https:\\\/\\\/oleomitiga.com\\\/index.php\\\/eventos\\\/#primaryimage\"},\"image\":{\"@id\":\"https:\\\/\\\/oleomitiga.com\\\/index.php\\\/eventos\\\/#primaryimage\"},\"thumbnailUrl\":\"https:\\\/\\\/oleomitiga.com\\\/wp-content\\\/uploads\\\/2025\\\/06\\\/SEMINARIOSIMDEEC.png\",\"datePublished\":\"2024-04-23T10:35:58+00:00\",\"dateModified\":\"2025-06-18T08:28:08+00:00\",\"description\":\"Eventos - OLEO MITIGA - En esta secci\u00f3n puedes ponerte al d\u00eda con los \u00faltimos eventos que se han celebrado en el marco del proyecto.\",\"breadcrumb\":{\"@id\":\"https:\\\/\\\/oleomitiga.com\\\/index.php\\\/eventos\\\/#breadcrumb\"},\"inLanguage\":\"es\",\"potentialAction\":[{\"@type\":\"ReadAction\",\"target\":[\"https:\\\/\\\/oleomitiga.com\\\/index.php\\\/eventos\\\/\"]}]},{\"@type\":\"ImageObject\",\"inLanguage\":\"es\",\"@id\":\"https:\\\/\\\/oleomitiga.com\\\/index.php\\\/eventos\\\/#primaryimage\",\"url\":\"https:\\\/\\\/oleomitiga.com\\\/wp-content\\\/uploads\\\/2025\\\/06\\\/SEMINARIOSIMDEEC.png\",\"contentUrl\":\"https:\\\/\\\/oleomitiga.com\\\/wp-content\\\/uploads\\\/2025\\\/06\\\/SEMINARIOSIMDEEC.png\",\"width\":473,\"height\":597},{\"@type\":\"BreadcrumbList\",\"@id\":\"https:\\\/\\\/oleomitiga.com\\\/index.php\\\/eventos\\\/#breadcrumb\",\"itemListElement\":[{\"@type\":\"ListItem\",\"position\":1,\"name\":\"Portada\",\"item\":\"https:\\\/\\\/oleomitiga.com\\\/\"},{\"@type\":\"ListItem\",\"position\":2,\"name\":\"Eventos\"}]},{\"@type\":\"WebSite\",\"@id\":\"https:\\\/\\\/oleomitiga.com\\\/#website\",\"url\":\"https:\\\/\\\/oleomitiga.com\\\/\",\"name\":\"\",\"description\":\"\",\"potentialAction\":[{\"@type\":\"SearchAction\",\"target\":{\"@type\":\"EntryPoint\",\"urlTemplate\":\"https:\\\/\\\/oleomitiga.com\\\/?s={search_term_string}\"},\"query-input\":{\"@type\":\"PropertyValueSpecification\",\"valueRequired\":true,\"valueName\":\"search_term_string\"}}],\"inLanguage\":\"es\"}]}<\/script>\n<!-- \/ Yoast SEO plugin. -->","yoast_head_json":{"title":"Eventos - OLEO MITIGA","description":"Eventos - OLEO MITIGA - En esta secci\u00f3n puedes ponerte al d\u00eda con los \u00faltimos eventos que se han celebrado en el marco del proyecto.","robots":{"index":"index","follow":"follow","max-snippet":"max-snippet:-1","max-image-preview":"max-image-preview:large","max-video-preview":"max-video-preview:-1"},"canonical":"https:\/\/oleomitiga.com\/index.php\/eventos\/","og_locale":"es_ES","og_type":"article","og_title":"Eventos - OLEO MITIGA","og_description":"Eventos - OLEO MITIGA - En esta secci\u00f3n puedes ponerte al d\u00eda con los \u00faltimos eventos que se han celebrado en el marco del proyecto.","og_url":"https:\/\/oleomitiga.com\/index.php\/eventos\/","article_modified_time":"2025-06-18T08:28:08+00:00","og_image":[{"width":473,"height":597,"url":"https:\/\/oleomitiga.com\/wp-content\/uploads\/2025\/06\/SEMINARIOSIMDEEC.png","type":"image\/png"}],"twitter_card":"summary_large_image","twitter_misc":{"Tiempo de lectura":"2 minutos"},"schema":{"@context":"https:\/\/schema.org","@graph":[{"@type":"WebPage","@id":"https:\/\/oleomitiga.com\/index.php\/eventos\/","url":"https:\/\/oleomitiga.com\/index.php\/eventos\/","name":"Eventos - OLEO MITIGA","isPartOf":{"@id":"https:\/\/oleomitiga.com\/#website"},"primaryImageOfPage":{"@id":"https:\/\/oleomitiga.com\/index.php\/eventos\/#primaryimage"},"image":{"@id":"https:\/\/oleomitiga.com\/index.php\/eventos\/#primaryimage"},"thumbnailUrl":"https:\/\/oleomitiga.com\/wp-content\/uploads\/2025\/06\/SEMINARIOSIMDEEC.png","datePublished":"2024-04-23T10:35:58+00:00","dateModified":"2025-06-18T08:28:08+00:00","description":"Eventos - OLEO MITIGA - En esta secci\u00f3n puedes ponerte al d\u00eda con los \u00faltimos eventos que se han celebrado en el marco del proyecto.","breadcrumb":{"@id":"https:\/\/oleomitiga.com\/index.php\/eventos\/#breadcrumb"},"inLanguage":"es","potentialAction":[{"@type":"ReadAction","target":["https:\/\/oleomitiga.com\/index.php\/eventos\/"]}]},{"@type":"ImageObject","inLanguage":"es","@id":"https:\/\/oleomitiga.com\/index.php\/eventos\/#primaryimage","url":"https:\/\/oleomitiga.com\/wp-content\/uploads\/2025\/06\/SEMINARIOSIMDEEC.png","contentUrl":"https:\/\/oleomitiga.com\/wp-content\/uploads\/2025\/06\/SEMINARIOSIMDEEC.png","width":473,"height":597},{"@type":"BreadcrumbList","@id":"https:\/\/oleomitiga.com\/index.php\/eventos\/#breadcrumb","itemListElement":[{"@type":"ListItem","position":1,"name":"Portada","item":"https:\/\/oleomitiga.com\/"},{"@type":"ListItem","position":2,"name":"Eventos"}]},{"@type":"WebSite","@id":"https:\/\/oleomitiga.com\/#website","url":"https:\/\/oleomitiga.com\/","name":"","description":"","potentialAction":[{"@type":"SearchAction","target":{"@type":"EntryPoint","urlTemplate":"https:\/\/oleomitiga.com\/?s={search_term_string}"},"query-input":{"@type":"PropertyValueSpecification","valueRequired":true,"valueName":"search_term_string"}}],"inLanguage":"es"}]}},"_links":{"self":[{"href":"https:\/\/oleomitiga.com\/index.php\/wp-json\/wp\/v2\/pages\/34","targetHints":{"allow":["GET"]}}],"collection":[{"href":"https:\/\/oleomitiga.com\/index.php\/wp-json\/wp\/v2\/pages"}],"about":[{"href":"https:\/\/oleomitiga.com\/index.php\/wp-json\/wp\/v2\/types\/page"}],"author":[{"embeddable":true,"href":"https:\/\/oleomitiga.com\/index.php\/wp-json\/wp\/v2\/users\/1"}],"replies":[{"embeddable":true,"href":"https:\/\/oleomitiga.com\/index.php\/wp-json\/wp\/v2\/comments?post=34"}],"version-history":[{"count":3,"href":"https:\/\/oleomitiga.com\/index.php\/wp-json\/wp\/v2\/pages\/34\/revisions"}],"predecessor-version":[{"id":794,"href":"https:\/\/oleomitiga.com\/index.php\/wp-json\/wp\/v2\/pages\/34\/revisions\/794"}],"wp:attachment":[{"href":"https:\/\/oleomitiga.com\/index.php\/wp-json\/wp\/v2\/media?parent=34"}],"curies":[{"name":"wp","href":"https:\/\/api.w.org\/{rel}","templated":true}]}}