{"id":28,"date":"2024-04-23T10:32:31","date_gmt":"2024-04-23T10:32:31","guid":{"rendered":"https:\/\/oleomitiga.com\/?page_id=28"},"modified":"2025-06-17T08:58:34","modified_gmt":"2025-06-17T08:58:34","slug":"comunicacion","status":"publish","type":"page","link":"https:\/\/oleomitiga.com\/index.php\/comunicacion\/","title":{"rendered":"Comunicaci\u00f3n"},"content":{"rendered":"\n<div class=\"wp-block-group alignfull has-ast-global-color-3-background-color has-background is-layout-constrained wp-block-group-is-layout-constrained\">\n<div class=\"wp-block-columns alignfull has-ast-global-color-3-background-color has-background is-layout-flex wp-container-core-columns-is-layout-28f84493 wp-block-columns-is-layout-flex\">\n<div class=\"wp-block-column is-layout-flow wp-block-column-is-layout-flow\">\n<figure class=\"wp-block-image size-large\"><a href=\"https:\/\/oleomitiga.com\/index.php\/eventos\/\"><img fetchpriority=\"high\" decoding=\"async\" width=\"1024\" height=\"1024\" src=\"https:\/\/oleomitiga.com\/wp-content\/uploads\/2024\/05\/27-1024x1024.png\" alt=\"\" class=\"wp-image-487\" srcset=\"https:\/\/oleomitiga.com\/wp-content\/uploads\/2024\/05\/27-1024x1024.png 1024w, https:\/\/oleomitiga.com\/wp-content\/uploads\/2024\/05\/27-300x300.png 300w, https:\/\/oleomitiga.com\/wp-content\/uploads\/2024\/05\/27-150x150.png 150w, https:\/\/oleomitiga.com\/wp-content\/uploads\/2024\/05\/27-768x768.png 768w, https:\/\/oleomitiga.com\/wp-content\/uploads\/2024\/05\/27-12x12.png 12w, https:\/\/oleomitiga.com\/wp-content\/uploads\/2024\/05\/27.png 1080w\" sizes=\"(max-width: 1024px) 100vw, 1024px\" \/><\/a><\/figure>\n<\/div>\n\n\n\n<div class=\"wp-block-column is-layout-flow wp-block-column-is-layout-flow\">\n<figure class=\"wp-block-image size-large\"><a href=\"https:\/\/oleomitiga.com\/index.php\/notas-de-prensa\/\"><img decoding=\"async\" width=\"1024\" height=\"1024\" src=\"https:\/\/oleomitiga.com\/wp-content\/uploads\/2024\/05\/28-1024x1024.png\" alt=\"\" class=\"wp-image-488\" srcset=\"https:\/\/oleomitiga.com\/wp-content\/uploads\/2024\/05\/28-1024x1024.png 1024w, https:\/\/oleomitiga.com\/wp-content\/uploads\/2024\/05\/28-300x300.png 300w, https:\/\/oleomitiga.com\/wp-content\/uploads\/2024\/05\/28-150x150.png 150w, https:\/\/oleomitiga.com\/wp-content\/uploads\/2024\/05\/28-768x768.png 768w, https:\/\/oleomitiga.com\/wp-content\/uploads\/2024\/05\/28-12x12.png 12w, https:\/\/oleomitiga.com\/wp-content\/uploads\/2024\/05\/28.png 1080w\" sizes=\"(max-width: 1024px) 100vw, 1024px\" \/><\/a><\/figure>\n<\/div>\n\n\n\n<div class=\"wp-block-column is-layout-flow wp-block-column-is-layout-flow\">\n<figure class=\"wp-block-image size-large\"><a href=\"https:\/\/oleomitiga.com\/index.php\/publicaciones\/\"><img decoding=\"async\" width=\"1024\" height=\"1024\" src=\"https:\/\/oleomitiga.com\/wp-content\/uploads\/2025\/02\/Oleo-Mitiga-web-3-1024x1024.png\" alt=\"\" class=\"wp-image-697\" srcset=\"https:\/\/oleomitiga.com\/wp-content\/uploads\/2025\/02\/Oleo-Mitiga-web-3-1024x1024.png 1024w, https:\/\/oleomitiga.com\/wp-content\/uploads\/2025\/02\/Oleo-Mitiga-web-3-300x300.png 300w, https:\/\/oleomitiga.com\/wp-content\/uploads\/2025\/02\/Oleo-Mitiga-web-3-150x150.png 150w, https:\/\/oleomitiga.com\/wp-content\/uploads\/2025\/02\/Oleo-Mitiga-web-3-768x768.png 768w, https:\/\/oleomitiga.com\/wp-content\/uploads\/2025\/02\/Oleo-Mitiga-web-3.png 1080w\" sizes=\"(max-width: 1024px) 100vw, 1024px\" \/><\/a><\/figure>\n<\/div>\n<\/div>\n\n\n\n<div class=\"wp-block-columns alignfull has-ast-global-color-3-background-color has-background is-layout-flex wp-container-core-columns-is-layout-28f84493 wp-block-columns-is-layout-flex\">\n<div class=\"wp-block-column is-layout-flow wp-block-column-is-layout-flow\">\n<figure class=\"wp-block-image size-large\"><a href=\"https:\/\/oleomitiga.com\/index.php\/noticias\/\"><img loading=\"lazy\" decoding=\"async\" width=\"1024\" height=\"1024\" src=\"https:\/\/oleomitiga.com\/wp-content\/uploads\/2024\/06\/Oleo-Mitiga-web-2-1024x1024.png\" alt=\"OLEO MITIGA\" class=\"wp-image-593\" srcset=\"https:\/\/oleomitiga.com\/wp-content\/uploads\/2024\/06\/Oleo-Mitiga-web-2-1024x1024.png 1024w, https:\/\/oleomitiga.com\/wp-content\/uploads\/2024\/06\/Oleo-Mitiga-web-2-300x300.png 300w, https:\/\/oleomitiga.com\/wp-content\/uploads\/2024\/06\/Oleo-Mitiga-web-2-150x150.png 150w, https:\/\/oleomitiga.com\/wp-content\/uploads\/2024\/06\/Oleo-Mitiga-web-2-768x768.png 768w, https:\/\/oleomitiga.com\/wp-content\/uploads\/2024\/06\/Oleo-Mitiga-web-2.png 1080w\" sizes=\"(max-width: 1024px) 100vw, 1024px\" \/><\/a><\/figure>\n<\/div>\n\n\n\n<div class=\"wp-block-column is-layout-flow wp-block-column-is-layout-flow\">\n<figure class=\"wp-block-image size-large\"><a href=\"https:\/\/oleomitiga.com\/index.php\/fotos\/\"><img loading=\"lazy\" decoding=\"async\" width=\"1024\" height=\"1024\" src=\"https:\/\/oleomitiga.com\/wp-content\/uploads\/2024\/05\/25-1024x1024.png\" alt=\"OLEO MITIGA\" class=\"wp-image-490\" srcset=\"https:\/\/oleomitiga.com\/wp-content\/uploads\/2024\/05\/25-1024x1024.png 1024w, https:\/\/oleomitiga.com\/wp-content\/uploads\/2024\/05\/25-300x300.png 300w, https:\/\/oleomitiga.com\/wp-content\/uploads\/2024\/05\/25-150x150.png 150w, https:\/\/oleomitiga.com\/wp-content\/uploads\/2024\/05\/25-768x768.png 768w, https:\/\/oleomitiga.com\/wp-content\/uploads\/2024\/05\/25-12x12.png 12w, https:\/\/oleomitiga.com\/wp-content\/uploads\/2024\/05\/25.png 1080w\" sizes=\"(max-width: 1024px) 100vw, 1024px\" \/><\/a><\/figure>\n<\/div>\n\n\n\n<div class=\"wp-block-column is-layout-flow wp-block-column-is-layout-flow\">\n<figure class=\"wp-block-image size-large\"><a href=\"https:\/\/oleomitiga.com\/index.php\/videos\/\"><img loading=\"lazy\" decoding=\"async\" width=\"1080\" height=\"1080\" src=\"https:\/\/oleomitiga.com\/wp-content\/uploads\/2024\/05\/24-1024x1024.png\" alt=\"OLEO MITIGA\" class=\"wp-image-491\" srcset=\"https:\/\/oleomitiga.com\/wp-content\/uploads\/2024\/05\/24-1024x1024.png 1024w, https:\/\/oleomitiga.com\/wp-content\/uploads\/2024\/05\/24-300x300.png 300w, https:\/\/oleomitiga.com\/wp-content\/uploads\/2024\/05\/24-150x150.png 150w, https:\/\/oleomitiga.com\/wp-content\/uploads\/2024\/05\/24-768x768.png 768w, https:\/\/oleomitiga.com\/wp-content\/uploads\/2024\/05\/24-12x12.png 12w, https:\/\/oleomitiga.com\/wp-content\/uploads\/2024\/05\/24.png 1080w\" sizes=\"(max-width: 1080px) 100vw, 1080px\" \/><\/a><\/figure>\n<\/div>\n<\/div>\n\n\n\n<div class=\"wp-block-buttons has-custom-font-size has-medium-font-size is-content-justification-center is-layout-flex wp-container-core-buttons-is-layout-a89b3969 wp-block-buttons-is-layout-flex\">\n<div class=\"wp-block-button\"><a class=\"wp-block-button__link has-medium-font-size has-custom-font-size wp-element-button\" href=\"https:\/\/oleomitiga.com\/index.php\/comunicacion\/\">MULTIMEDIA<\/a><\/div>\n<\/div>\n<\/div>\n","protected":false},"excerpt":{"rendered":"","protected":false},"author":1,"featured_media":0,"parent":0,"menu_order":0,"comment_status":"closed","ping_status":"closed","template":"","meta":{"site-sidebar-layout":"default","site-content-layout":"","ast-site-content-layout":"default","site-content-style":"default","site-sidebar-style":"default","ast-global-header-display":"","ast-banner-title-visibility":"","ast-main-header-display":"","ast-hfb-above-header-display":"","ast-hfb-below-header-display":"","ast-hfb-mobile-header-display":"","site-post-title":"disabled","ast-breadcrumbs-content":"","ast-featured-img":"","footer-sml-layout":"","theme-transparent-header-meta":"","adv-header-id-meta":"","stick-header-meta":"","header-above-stick-meta":"","header-main-stick-meta":"","header-below-stick-meta":"","astra-migrate-meta-layouts":"default","ast-page-background-enabled":"default","ast-page-background-meta":{"desktop":{"background-color":"var(--ast-global-color-4)","background-image":"","background-repeat":"repeat","background-position":"center center","background-size":"auto","background-attachment":"scroll","background-type":"","background-media":"","overlay-type":"","overlay-color":"","overlay-opacity":"","overlay-gradient":""},"tablet":{"background-color":"","background-image":"","background-repeat":"repeat","background-position":"center center","background-size":"auto","background-attachment":"scroll","background-type":"","background-media":"","overlay-type":"","overlay-color":"","overlay-opacity":"","overlay-gradient":""},"mobile":{"background-color":"","background-image":"","background-repeat":"repeat","background-position":"center center","background-size":"auto","background-attachment":"scroll","background-type":"","background-media":"","overlay-type":"","overlay-color":"","overlay-opacity":"","overlay-gradient":""}},"ast-content-background-meta":{"desktop":{"background-color":"var(--ast-global-color-5)","background-image":"","background-repeat":"repeat","background-position":"center center","background-size":"auto","background-attachment":"scroll","background-type":"","background-media":"","overlay-type":"","overlay-color":"","overlay-opacity":"","overlay-gradient":""},"tablet":{"background-color":"var(--ast-global-color-5)","background-image":"","background-repeat":"repeat","background-position":"center center","background-size":"auto","background-attachment":"scroll","background-type":"","background-media":"","overlay-type":"","overlay-color":"","overlay-opacity":"","overlay-gradient":""},"mobile":{"background-color":"var(--ast-global-color-5)","background-image":"","background-repeat":"repeat","background-position":"center center","background-size":"auto","background-attachment":"scroll","background-type":"","background-media":"","overlay-type":"","overlay-color":"","overlay-opacity":"","overlay-gradient":""}},"footnotes":""},"class_list":["post-28","page","type-page","status-publish","hentry"],"yoast_head":"<!-- This site is optimized with the Yoast SEO plugin v27.3 - https:\/\/yoast.com\/product\/yoast-seo-wordpress\/ -->\n<title>Comunicaci\u00f3n - Oleo Mitiga<\/title>\n<meta name=\"description\" content=\"Comunicaci\u00f3n - OLEO MITIGA - Recopilaci\u00f3n de actividades, fotos, v\u00eddeos, boletines, notas de prensa y eventos del proyecto.\" \/>\n<meta name=\"robots\" content=\"index, follow, max-snippet:-1, max-image-preview:large, max-video-preview:-1\" \/>\n<link rel=\"canonical\" href=\"https:\/\/oleomitiga.com\/index.php\/comunicacion\/\" \/>\n<meta property=\"og:locale\" content=\"es_ES\" \/>\n<meta property=\"og:type\" content=\"article\" \/>\n<meta property=\"og:title\" content=\"Comunicaci\u00f3n - Oleo Mitiga\" \/>\n<meta property=\"og:description\" content=\"Comunicaci\u00f3n - OLEO MITIGA - Recopilaci\u00f3n de actividades, fotos, v\u00eddeos, boletines, notas de prensa y eventos del proyecto.\" \/>\n<meta property=\"og:url\" content=\"https:\/\/oleomitiga.com\/index.php\/comunicacion\/\" \/>\n<meta property=\"article:modified_time\" content=\"2025-06-17T08:58:34+00:00\" \/>\n<meta property=\"og:image\" content=\"https:\/\/oleomitiga.com\/wp-content\/uploads\/2024\/05\/27.png\" \/>\n\t<meta property=\"og:image:width\" content=\"1080\" \/>\n\t<meta property=\"og:image:height\" content=\"1080\" \/>\n\t<meta property=\"og:image:type\" content=\"image\/png\" \/>\n<meta name=\"twitter:card\" content=\"summary_large_image\" \/>\n<meta name=\"twitter:label1\" content=\"Tiempo de lectura\" \/>\n\t<meta name=\"twitter:data1\" content=\"2 minutos\" \/>\n<script type=\"application\/ld+json\" class=\"yoast-schema-graph\">{\"@context\":\"https:\\\/\\\/schema.org\",\"@graph\":[{\"@type\":\"WebPage\",\"@id\":\"https:\\\/\\\/oleomitiga.com\\\/index.php\\\/comunicacion\\\/\",\"url\":\"https:\\\/\\\/oleomitiga.com\\\/index.php\\\/comunicacion\\\/\",\"name\":\"Comunicaci\u00f3n - Oleo Mitiga\",\"isPartOf\":{\"@id\":\"https:\\\/\\\/oleomitiga.com\\\/#website\"},\"primaryImageOfPage\":{\"@id\":\"https:\\\/\\\/oleomitiga.com\\\/index.php\\\/comunicacion\\\/#primaryimage\"},\"image\":{\"@id\":\"https:\\\/\\\/oleomitiga.com\\\/index.php\\\/comunicacion\\\/#primaryimage\"},\"thumbnailUrl\":\"https:\\\/\\\/oleomitiga.com\\\/wp-content\\\/uploads\\\/2024\\\/05\\\/27-1024x1024.png\",\"datePublished\":\"2024-04-23T10:32:31+00:00\",\"dateModified\":\"2025-06-17T08:58:34+00:00\",\"description\":\"Comunicaci\u00f3n - OLEO MITIGA - Recopilaci\u00f3n de actividades, fotos, v\u00eddeos, boletines, notas de prensa y eventos del proyecto.\",\"breadcrumb\":{\"@id\":\"https:\\\/\\\/oleomitiga.com\\\/index.php\\\/comunicacion\\\/#breadcrumb\"},\"inLanguage\":\"es\",\"potentialAction\":[{\"@type\":\"ReadAction\",\"target\":[\"https:\\\/\\\/oleomitiga.com\\\/index.php\\\/comunicacion\\\/\"]}]},{\"@type\":\"ImageObject\",\"inLanguage\":\"es\",\"@id\":\"https:\\\/\\\/oleomitiga.com\\\/index.php\\\/comunicacion\\\/#primaryimage\",\"url\":\"https:\\\/\\\/oleomitiga.com\\\/wp-content\\\/uploads\\\/2024\\\/05\\\/27.png\",\"contentUrl\":\"https:\\\/\\\/oleomitiga.com\\\/wp-content\\\/uploads\\\/2024\\\/05\\\/27.png\",\"width\":1080,\"height\":1080},{\"@type\":\"BreadcrumbList\",\"@id\":\"https:\\\/\\\/oleomitiga.com\\\/index.php\\\/comunicacion\\\/#breadcrumb\",\"itemListElement\":[{\"@type\":\"ListItem\",\"position\":1,\"name\":\"Portada\",\"item\":\"https:\\\/\\\/oleomitiga.com\\\/\"},{\"@type\":\"ListItem\",\"position\":2,\"name\":\"Comunicaci\u00f3n\"}]},{\"@type\":\"WebSite\",\"@id\":\"https:\\\/\\\/oleomitiga.com\\\/#website\",\"url\":\"https:\\\/\\\/oleomitiga.com\\\/\",\"name\":\"\",\"description\":\"\",\"potentialAction\":[{\"@type\":\"SearchAction\",\"target\":{\"@type\":\"EntryPoint\",\"urlTemplate\":\"https:\\\/\\\/oleomitiga.com\\\/?s={search_term_string}\"},\"query-input\":{\"@type\":\"PropertyValueSpecification\",\"valueRequired\":true,\"valueName\":\"search_term_string\"}}],\"inLanguage\":\"es\"}]}<\/script>\n<!-- \/ Yoast SEO plugin. -->","yoast_head_json":{"title":"Comunicaci\u00f3n - Oleo Mitiga","description":"Comunicaci\u00f3n - OLEO MITIGA - Recopilaci\u00f3n de actividades, fotos, v\u00eddeos, boletines, notas de prensa y eventos del proyecto.","robots":{"index":"index","follow":"follow","max-snippet":"max-snippet:-1","max-image-preview":"max-image-preview:large","max-video-preview":"max-video-preview:-1"},"canonical":"https:\/\/oleomitiga.com\/index.php\/comunicacion\/","og_locale":"es_ES","og_type":"article","og_title":"Comunicaci\u00f3n - Oleo Mitiga","og_description":"Comunicaci\u00f3n - OLEO MITIGA - Recopilaci\u00f3n de actividades, fotos, v\u00eddeos, boletines, notas de prensa y eventos del proyecto.","og_url":"https:\/\/oleomitiga.com\/index.php\/comunicacion\/","article_modified_time":"2025-06-17T08:58:34+00:00","og_image":[{"width":1080,"height":1080,"url":"https:\/\/oleomitiga.com\/wp-content\/uploads\/2024\/05\/27.png","type":"image\/png"}],"twitter_card":"summary_large_image","twitter_misc":{"Tiempo de lectura":"2 minutos"},"schema":{"@context":"https:\/\/schema.org","@graph":[{"@type":"WebPage","@id":"https:\/\/oleomitiga.com\/index.php\/comunicacion\/","url":"https:\/\/oleomitiga.com\/index.php\/comunicacion\/","name":"Comunicaci\u00f3n - Oleo Mitiga","isPartOf":{"@id":"https:\/\/oleomitiga.com\/#website"},"primaryImageOfPage":{"@id":"https:\/\/oleomitiga.com\/index.php\/comunicacion\/#primaryimage"},"image":{"@id":"https:\/\/oleomitiga.com\/index.php\/comunicacion\/#primaryimage"},"thumbnailUrl":"https:\/\/oleomitiga.com\/wp-content\/uploads\/2024\/05\/27-1024x1024.png","datePublished":"2024-04-23T10:32:31+00:00","dateModified":"2025-06-17T08:58:34+00:00","description":"Comunicaci\u00f3n - OLEO MITIGA - Recopilaci\u00f3n de actividades, fotos, v\u00eddeos, boletines, notas de prensa y eventos del proyecto.","breadcrumb":{"@id":"https:\/\/oleomitiga.com\/index.php\/comunicacion\/#breadcrumb"},"inLanguage":"es","potentialAction":[{"@type":"ReadAction","target":["https:\/\/oleomitiga.com\/index.php\/comunicacion\/"]}]},{"@type":"ImageObject","inLanguage":"es","@id":"https:\/\/oleomitiga.com\/index.php\/comunicacion\/#primaryimage","url":"https:\/\/oleomitiga.com\/wp-content\/uploads\/2024\/05\/27.png","contentUrl":"https:\/\/oleomitiga.com\/wp-content\/uploads\/2024\/05\/27.png","width":1080,"height":1080},{"@type":"BreadcrumbList","@id":"https:\/\/oleomitiga.com\/index.php\/comunicacion\/#breadcrumb","itemListElement":[{"@type":"ListItem","position":1,"name":"Portada","item":"https:\/\/oleomitiga.com\/"},{"@type":"ListItem","position":2,"name":"Comunicaci\u00f3n"}]},{"@type":"WebSite","@id":"https:\/\/oleomitiga.com\/#website","url":"https:\/\/oleomitiga.com\/","name":"","description":"","potentialAction":[{"@type":"SearchAction","target":{"@type":"EntryPoint","urlTemplate":"https:\/\/oleomitiga.com\/?s={search_term_string}"},"query-input":{"@type":"PropertyValueSpecification","valueRequired":true,"valueName":"search_term_string"}}],"inLanguage":"es"}]}},"_links":{"self":[{"href":"https:\/\/oleomitiga.com\/index.php\/wp-json\/wp\/v2\/pages\/28","targetHints":{"allow":["GET"]}}],"collection":[{"href":"https:\/\/oleomitiga.com\/index.php\/wp-json\/wp\/v2\/pages"}],"about":[{"href":"https:\/\/oleomitiga.com\/index.php\/wp-json\/wp\/v2\/types\/page"}],"author":[{"embeddable":true,"href":"https:\/\/oleomitiga.com\/index.php\/wp-json\/wp\/v2\/users\/1"}],"replies":[{"embeddable":true,"href":"https:\/\/oleomitiga.com\/index.php\/wp-json\/wp\/v2\/comments?post=28"}],"version-history":[{"count":3,"href":"https:\/\/oleomitiga.com\/index.php\/wp-json\/wp\/v2\/pages\/28\/revisions"}],"predecessor-version":[{"id":755,"href":"https:\/\/oleomitiga.com\/index.php\/wp-json\/wp\/v2\/pages\/28\/revisions\/755"}],"wp:attachment":[{"href":"https:\/\/oleomitiga.com\/index.php\/wp-json\/wp\/v2\/media?parent=28"}],"curies":[{"name":"wp","href":"https:\/\/api.w.org\/{rel}","templated":true}]}}