{"id":22,"date":"2024-04-23T10:22:32","date_gmt":"2024-04-23T10:22:32","guid":{"rendered":"https:\/\/oleomitiga.com\/?page_id=22"},"modified":"2025-05-05T10:43:44","modified_gmt":"2025-05-05T10:43:44","slug":"quienes-somos","status":"publish","type":"page","link":"https:\/\/oleomitiga.com\/index.php\/quienes-somos\/","title":{"rendered":"\u00bfQui\u00e9nes somos?"},"content":{"rendered":"\n<div class=\"wp-block-columns is-layout-flex wp-container-core-columns-is-layout-28f84493 wp-block-columns-is-layout-flex\">\n<div class=\"wp-block-column is-layout-flow wp-block-column-is-layout-flow\" style=\"flex-basis:25%\">\n<figure class=\"wp-block-image aligncenter size-full is-resized is-style-rounded wp-duotone-unset-1\"><a href=\"https:\/\/www.ambientaing.es\/index.php\/ambienta\" target=\"_blank\" rel=\"noreferrer noopener\"><img fetchpriority=\"high\" decoding=\"async\" width=\"1080\" height=\"1080\" src=\"https:\/\/oleomitiga.com\/wp-content\/uploads\/2024\/05\/Diseno-sin-titulo-13.png\" alt=\"LOGO AMBIENTA QUI\u00c9NES SOMOS\" class=\"wp-image-355\" style=\"aspect-ratio:1;object-fit:cover;width:306px;height:auto\" srcset=\"https:\/\/oleomitiga.com\/wp-content\/uploads\/2024\/05\/Diseno-sin-titulo-13.png 1080w, https:\/\/oleomitiga.com\/wp-content\/uploads\/2024\/05\/Diseno-sin-titulo-13-300x300.png 300w, https:\/\/oleomitiga.com\/wp-content\/uploads\/2024\/05\/Diseno-sin-titulo-13-1024x1024.png 1024w, https:\/\/oleomitiga.com\/wp-content\/uploads\/2024\/05\/Diseno-sin-titulo-13-150x150.png 150w, https:\/\/oleomitiga.com\/wp-content\/uploads\/2024\/05\/Diseno-sin-titulo-13-768x768.png 768w, https:\/\/oleomitiga.com\/wp-content\/uploads\/2024\/05\/Diseno-sin-titulo-13-12x12.png 12w\" sizes=\"(max-width: 1080px) 100vw, 1080px\" \/><\/a><\/figure>\n<\/div>\n\n\n\n<div class=\"wp-block-column is-layout-flow wp-block-column-is-layout-flow\" style=\"flex-basis:66.66%\">\n<p class=\"has-link-color has-medium-font-size wp-elements-1298721c133c030a74cd5a1b59dea97d\"><strong><mark style=\"background-color:rgba(0, 0, 0, 0);color:#94921f\" class=\"has-inline-color\"><a href=\"https:\/\/www.ambientaing.es\/index.php\/ambienta\" target=\"_blank\" rel=\"noreferrer noopener\">AMBIENTA INGENIER\u00cdA Y SERVICIOS AGRARIOS Y FORESTALES S.L.U.<\/a><\/mark><\/strong>, es una joven empresa espa\u00f1ola fundada en2006, que suma varios a\u00f1os de experiencia con todo tipo de actuaciones en el medio rural y en el medio natural y en los sectores agr\u00edcola y forestal.<\/p>\n\n\n\n<p class=\"has-medium-font-size\">Est\u00e1 formada por un equipo multidisciplinar experimentado, din\u00e1mico y bien cualificado de profesionales acostumbrados a trabajar en el territorio rural y en los sectores agr\u00edcola, forestal y medioambiental. Para desarrollar sus trabajos, AMBIENTA pone a disposici\u00f3n de sus clientes las m\u00e1s modernas tecnolog\u00edas para hacer realidad de una manera competitiva, con eficacia y calidad los trabajos que le son encargados.<\/p>\n<\/div>\n<\/div>\n\n\n\n<div class=\"wp-block-columns is-layout-flex wp-container-core-columns-is-layout-28f84493 wp-block-columns-is-layout-flex\">\n<div class=\"wp-block-column is-layout-flow wp-block-column-is-layout-flow\" style=\"flex-basis:25%\">\n<figure class=\"wp-block-image aligncenter size-full is-resized is-style-rounded wp-duotone-unset-2\"><a href=\"https:\/\/www.uco.es\/historia-y-video-promocional.html\" target=\"_blank\" rel=\"noreferrer noopener\"><img decoding=\"async\" width=\"1080\" height=\"1080\" src=\"https:\/\/oleomitiga.com\/wp-content\/uploads\/2024\/05\/Diseno-sin-titulo-14.png\" alt=\"LOGO UCO QUI\u00c9NES SOMOS\" class=\"wp-image-357\" style=\"aspect-ratio:1;object-fit:cover;width:306px;height:auto\" srcset=\"https:\/\/oleomitiga.com\/wp-content\/uploads\/2024\/05\/Diseno-sin-titulo-14.png 1080w, https:\/\/oleomitiga.com\/wp-content\/uploads\/2024\/05\/Diseno-sin-titulo-14-300x300.png 300w, https:\/\/oleomitiga.com\/wp-content\/uploads\/2024\/05\/Diseno-sin-titulo-14-1024x1024.png 1024w, https:\/\/oleomitiga.com\/wp-content\/uploads\/2024\/05\/Diseno-sin-titulo-14-150x150.png 150w, https:\/\/oleomitiga.com\/wp-content\/uploads\/2024\/05\/Diseno-sin-titulo-14-768x768.png 768w, https:\/\/oleomitiga.com\/wp-content\/uploads\/2024\/05\/Diseno-sin-titulo-14-12x12.png 12w\" sizes=\"(max-width: 1080px) 100vw, 1080px\" \/><\/a><\/figure>\n<\/div>\n\n\n\n<div class=\"wp-block-column is-layout-flow wp-block-column-is-layout-flow\" style=\"flex-basis:66.66%\">\n<p class=\"has-link-color has-medium-font-size wp-elements-24f2d02a71c11c542cf48c9e7de005f5\"><mark style=\"background-color:rgba(0, 0, 0, 0);color:#94921f\" class=\"has-inline-color\"><strong><a href=\"https:\/\/www.uco.es\/historia-y-video-promocional.html\" target=\"_blank\" rel=\"noreferrer noopener\">UNIVERSIDAD DE C\u00d3RDOBA<\/a><\/strong><\/mark> es una prestigiosa universidad p\u00fablica reconocida a nivel mundial por su destacada contribuci\u00f3n en investigaci\u00f3n y tecnolog\u00eda desde el \u00e1mbito universitario, consolidando de esta manera su infraestructura cient\u00edfica.<\/p>\n\n\n\n<p class=\"has-medium-font-size\">Los estudios de la&nbsp;UCO van desde las Humanidades y las Ciencias Jur\u00eddico-Sociales a las Ciencias de la Salud y las carreras cient\u00edfico-t\u00e9cnicas, tres \u00e1reas que se corresponden con su estructuraci\u00f3n en tres grandes campus: el jur\u00eddico social, el de la Salud, y el agroalimentario, cient\u00edfico y t\u00e9cnico de Rabanales. Adem\u00e1s, la&nbsp;<strong>UCO<\/strong>&nbsp;cuenta con la Escuela Polit\u00e9cnica de Belmez.<\/p>\n<\/div>\n<\/div>\n\n\n\n<div class=\"wp-block-columns is-layout-flex wp-container-core-columns-is-layout-28f84493 wp-block-columns-is-layout-flex\">\n<div class=\"wp-block-column is-layout-flow wp-block-column-is-layout-flow\" style=\"flex-basis:25%\">\n<figure class=\"wp-block-image aligncenter size-full is-resized is-style-rounded wp-duotone-unset-3\"><a href=\"https:\/\/realima.odoo.com\/about-us\" target=\"_blank\" rel=\"noreferrer noopener\"><img decoding=\"async\" width=\"1080\" height=\"1080\" src=\"https:\/\/oleomitiga.com\/wp-content\/uploads\/2024\/05\/Diseno-sin-titulo-11.png\" alt=\"LOGO REALIMA\" class=\"wp-image-350\" style=\"aspect-ratio:1;object-fit:cover;width:306px;height:auto\" srcset=\"https:\/\/oleomitiga.com\/wp-content\/uploads\/2024\/05\/Diseno-sin-titulo-11.png 1080w, https:\/\/oleomitiga.com\/wp-content\/uploads\/2024\/05\/Diseno-sin-titulo-11-300x300.png 300w, https:\/\/oleomitiga.com\/wp-content\/uploads\/2024\/05\/Diseno-sin-titulo-11-1024x1024.png 1024w, https:\/\/oleomitiga.com\/wp-content\/uploads\/2024\/05\/Diseno-sin-titulo-11-150x150.png 150w, https:\/\/oleomitiga.com\/wp-content\/uploads\/2024\/05\/Diseno-sin-titulo-11-768x768.png 768w, https:\/\/oleomitiga.com\/wp-content\/uploads\/2024\/05\/Diseno-sin-titulo-11-12x12.png 12w\" sizes=\"(max-width: 1080px) 100vw, 1080px\" \/><\/a><\/figure>\n<\/div>\n\n\n\n<div class=\"wp-block-column is-layout-flow wp-block-column-is-layout-flow\" style=\"flex-basis:66.66%\">\n<p class=\"has-link-color has-medium-font-size wp-elements-2a96657e4216b40d122292cddeef1006\"><strong><a href=\"https:\/\/realima.odoo.com\/about-us\" target=\"_blank\" rel=\"noreferrer noopener\">REALIMA, S.L.<\/a><\/strong>, es una empresa de ingenier\u00eda, gest\u200bi\u00f3n medioambiental y agron\u00f3mica. Son especialistas en&nbsp;<strong>consultor\u00eda, proyectos de ingenier\u00eda, I+D+i y eficiencia energ\u00e9tica<\/strong>. Tienen como objetivo ofrecer soluciones innovadoras tecnol\u00f3gicamente y ambientalmente responsables.<\/p>\n\n\n\n<p class=\"has-medium-font-size\">Formado por un equipo de&nbsp;<strong>profesionales de distintos \u00e1mbitos<\/strong>,&nbsp;trabajan con profesionalidad para entidades p\u00fablicas o privadas, abarcando diferentes sectores (ambiental, agron\u00f3mico, civil, energ\u00e9tico&#8230;).<\/p>\n<\/div>\n<\/div>\n\n\n\n<div class=\"wp-block-columns is-layout-flex wp-container-core-columns-is-layout-28f84493 wp-block-columns-is-layout-flex\">\n<div class=\"wp-block-column is-layout-flow wp-block-column-is-layout-flow\" style=\"flex-basis:25%\">\n<figure class=\"wp-block-image aligncenter size-full is-resized is-style-rounded\"><a href=\"https:\/\/www.asajacordoba.es\/contenidos\/sobreasaja\/sobre-asaja\" target=\"_blank\" rel=\"noreferrer noopener\"><img loading=\"lazy\" decoding=\"async\" width=\"1080\" height=\"1080\" src=\"https:\/\/oleomitiga.com\/wp-content\/uploads\/2024\/05\/Diseno-sin-titulo-9-1.png\" alt=\"logo asaja cordoba\" class=\"wp-image-347\" style=\"aspect-ratio:1;object-fit:cover;width:306px;height:auto\" srcset=\"https:\/\/oleomitiga.com\/wp-content\/uploads\/2024\/05\/Diseno-sin-titulo-9-1.png 1080w, https:\/\/oleomitiga.com\/wp-content\/uploads\/2024\/05\/Diseno-sin-titulo-9-1-300x300.png 300w, https:\/\/oleomitiga.com\/wp-content\/uploads\/2024\/05\/Diseno-sin-titulo-9-1-1024x1024.png 1024w, https:\/\/oleomitiga.com\/wp-content\/uploads\/2024\/05\/Diseno-sin-titulo-9-1-150x150.png 150w, https:\/\/oleomitiga.com\/wp-content\/uploads\/2024\/05\/Diseno-sin-titulo-9-1-768x768.png 768w, https:\/\/oleomitiga.com\/wp-content\/uploads\/2024\/05\/Diseno-sin-titulo-9-1-12x12.png 12w\" sizes=\"(max-width: 1080px) 100vw, 1080px\" \/><\/a><\/figure>\n<\/div>\n\n\n\n<div class=\"wp-block-column is-layout-flow wp-block-column-is-layout-flow\" style=\"flex-basis:66.66%\">\n<p class=\"has-link-color has-medium-font-size wp-elements-19363bab0d020227d665d1e2a28262ca\"><mark style=\"background-color:rgba(0, 0, 0, 0);color:#94921f\" class=\"has-inline-color\"><strong><a href=\"https:\/\/www.asajacordoba.es\/contenidos\/sobreasaja\/sobre-asaja\" target=\"_blank\" rel=\"noreferrer noopener\">ASAJA C\u00d3RDOBA<\/a><\/strong><\/mark> es la asociaci\u00f3n agraria m\u00e1s importante de la provincia de C\u00f3rdoba. Se constituye sin \u00e1nimo de lucro y est\u00e1 inspirada en principios democr\u00e1ticos. En la actualidad, cuenta con cerca de 5000 socios. Tiene como principal valor sus trabajadores, con un grado de especializaci\u00f3n y experiencia inigualables.<\/p>\n\n\n\n<p class=\"has-link-color has-medium-font-size wp-elements-af03d0828f00639d2889b9c373e12e23\">La asociaci\u00f3n nace como respuesta a las necesidades de agricultores y ganaderos para la representaci\u00f3n y defensa de sus intereses de forma independiente y profesional. Agrupa a profesionales de la agricultura, ganader\u00eda, actividades forestales, agroindustriales, cineg\u00e9ticas, etc., sean personas f\u00edsicas o jur\u00eddicas, y cualquiera que sea el tama\u00f1o de la explotaci\u00f3n.&nbsp;<\/p>\n<\/div>\n<\/div>\n\n\n\n<div class=\"wp-block-columns is-layout-flex wp-container-core-columns-is-layout-28f84493 wp-block-columns-is-layout-flex\">\n<div class=\"wp-block-column is-layout-flow wp-block-column-is-layout-flow\" style=\"flex-basis:25%\">\n<figure class=\"wp-block-image aligncenter size-full is-resized is-style-rounded wp-duotone-unset-4\"><a href=\"https:\/\/sanantonioabadobejo.com\" target=\"_blank\" rel=\"noreferrer noopener\"><img loading=\"lazy\" decoding=\"async\" width=\"1080\" height=\"1080\" src=\"https:\/\/oleomitiga.com\/wp-content\/uploads\/2025\/05\/Oleo-Mitiga-web-4.png\" alt=\"\" class=\"wp-image-717\" style=\"aspect-ratio:1;object-fit:cover;width:306px;height:auto\" srcset=\"https:\/\/oleomitiga.com\/wp-content\/uploads\/2025\/05\/Oleo-Mitiga-web-4.png 1080w, https:\/\/oleomitiga.com\/wp-content\/uploads\/2025\/05\/Oleo-Mitiga-web-4-300x300.png 300w, https:\/\/oleomitiga.com\/wp-content\/uploads\/2025\/05\/Oleo-Mitiga-web-4-1024x1024.png 1024w, https:\/\/oleomitiga.com\/wp-content\/uploads\/2025\/05\/Oleo-Mitiga-web-4-150x150.png 150w, https:\/\/oleomitiga.com\/wp-content\/uploads\/2025\/05\/Oleo-Mitiga-web-4-768x768.png 768w\" sizes=\"(max-width: 1080px) 100vw, 1080px\" \/><\/a><\/figure>\n<\/div>\n\n\n\n<div class=\"wp-block-column is-layout-flow wp-block-column-is-layout-flow\" style=\"flex-basis:66.66%\">\n<p class=\"has-link-color has-medium-font-size wp-elements-5aef6f46951a33a8b99afc2b42a19818\"><strong><a href=\"https:\/\/sanantonioabadobejo.com\" target=\"_blank\" rel=\"noreferrer noopener\">COOPERATIVA DEL CAMPO SAN ANTONIO ABAD S.C.A.<\/a><\/strong>, fundada en 1960 tras la uni\u00f3n de agricultores y almazaras locales, ha diversificado su actividad. Bajo la marca \u00abOleocampi\u00f1a\u00bb, comercializan Aceite de Oliva Virgen Extra de variedades como Picual, Verdial y Arbequina, envasadas por separado para preservar sus sabores intensos.<\/p>\n\n\n\n<p class=\"has-link-color has-medium-font-size wp-elements-7170a346408de8c7e401bf687a95f8ac\">Adem\u00e1s de la producci\u00f3n de aceite, gestionan la recolecci\u00f3n y comercializaci\u00f3n de cultivos herb\u00e1ceos, como cereales y girasol, y han incursionado en el mercado de almendras, atrayendo nuevos agricultores y expandiendo su producci\u00f3n en este sector emergente.<\/p>\n<\/div>\n<\/div>\n\n\n\n<div class=\"wp-block-columns is-layout-flex wp-container-core-columns-is-layout-28f84493 wp-block-columns-is-layout-flex\">\n<div class=\"wp-block-column is-layout-flow wp-block-column-is-layout-flow\" style=\"flex-basis:25%\">\n<figure class=\"wp-block-image aligncenter size-full is-resized is-style-rounded wp-duotone-unset-5\"><a href=\"https:\/\/www.asaja-andalucia.es\/quienes-somos\/\" target=\"_blank\" rel=\"noreferrer noopener\"><img loading=\"lazy\" decoding=\"async\" width=\"1080\" height=\"1080\" src=\"https:\/\/oleomitiga.com\/wp-content\/uploads\/2024\/05\/Diseno-sin-titulo-10.png\" alt=\"LOGO ASAJA ANDALUC\u00cdA\" class=\"wp-image-348\" style=\"aspect-ratio:1;object-fit:cover;width:306px;height:auto\" srcset=\"https:\/\/oleomitiga.com\/wp-content\/uploads\/2024\/05\/Diseno-sin-titulo-10.png 1080w, https:\/\/oleomitiga.com\/wp-content\/uploads\/2024\/05\/Diseno-sin-titulo-10-300x300.png 300w, https:\/\/oleomitiga.com\/wp-content\/uploads\/2024\/05\/Diseno-sin-titulo-10-1024x1024.png 1024w, https:\/\/oleomitiga.com\/wp-content\/uploads\/2024\/05\/Diseno-sin-titulo-10-150x150.png 150w, https:\/\/oleomitiga.com\/wp-content\/uploads\/2024\/05\/Diseno-sin-titulo-10-768x768.png 768w, https:\/\/oleomitiga.com\/wp-content\/uploads\/2024\/05\/Diseno-sin-titulo-10-12x12.png 12w\" sizes=\"(max-width: 1080px) 100vw, 1080px\" \/><\/a><\/figure>\n<\/div>\n\n\n\n<div class=\"wp-block-column is-layout-flow wp-block-column-is-layout-flow\" style=\"flex-basis:66.66%\">\n<p class=\"has-link-color has-medium-font-size wp-elements-3dec511003a2124d0bc4bf91792c3322\"><strong><a href=\"https:\/\/www.asaja-andalucia.es\/quienes-somos\/\" target=\"_blank\" rel=\"noreferrer noopener\">ASAJA ANDALUC\u00cdA<\/a><\/strong>, es la Federaci\u00f3n de Asociaciones Agrarias J\u00f3venes Agricultores de Andaluc\u00eda constituida por las ocho asociaciones provinciales de J\u00f3venes-Agricultores, entidad de \u00e1mbito regional Andaluz.<\/p>\n\n\n\n<p class=\"has-link-color has-medium-font-size wp-elements-1fb273d08b482df00467d0de5cc86b88\">Se constituye en 1991 con el fin de&nbsp;<strong>defender los intereses de los agricultores ,ganaderos y propietarios de montes andaluces<\/strong>&nbsp;ante las instituciones publicas de Andaluc\u00eda, principalmente la Junta de Andaluc\u00eda, con el objetivo de lograr&nbsp;<strong>un mejor futuro<\/strong>&nbsp;tanto para los asociados como para los profesionales del campo en general.&nbsp;<\/p>\n<\/div>\n<\/div>\n","protected":false},"excerpt":{"rendered":"<p>AMBIENTA INGENIER\u00cdA Y SERVICIOS AGRARIOS Y FORESTALES S.L.U., es una joven empresa espa\u00f1ola fundada en2006, que suma varios a\u00f1os de [&hellip;]<\/p>\n","protected":false},"author":1,"featured_media":0,"parent":0,"menu_order":0,"comment_status":"closed","ping_status":"closed","template":"","meta":{"site-sidebar-layout":"default","site-content-layout":"","ast-site-content-layout":"default","site-content-style":"default","site-sidebar-style":"default","ast-global-header-display":"","ast-banner-title-visibility":"","ast-main-header-display":"","ast-hfb-above-header-display":"","ast-hfb-below-header-display":"","ast-hfb-mobile-header-display":"","site-post-title":"disabled","ast-breadcrumbs-content":"","ast-featured-img":"","footer-sml-layout":"","theme-transparent-header-meta":"","adv-header-id-meta":"","stick-header-meta":"","header-above-stick-meta":"","header-main-stick-meta":"","header-below-stick-meta":"","astra-migrate-meta-layouts":"default","ast-page-background-enabled":"default","ast-page-background-meta":{"desktop":{"background-color":"var(--ast-global-color-4)","background-image":"","background-repeat":"repeat","background-position":"center center","background-size":"auto","background-attachment":"scroll","background-type":"","background-media":"","overlay-type":"","overlay-color":"","overlay-opacity":"","overlay-gradient":""},"tablet":{"background-color":"","background-image":"","background-repeat":"repeat","background-position":"center center","background-size":"auto","background-attachment":"scroll","background-type":"","background-media":"","overlay-type":"","overlay-color":"","overlay-opacity":"","overlay-gradient":""},"mobile":{"background-color":"","background-image":"","background-repeat":"repeat","background-position":"center center","background-size":"auto","background-attachment":"scroll","background-type":"","background-media":"","overlay-type":"","overlay-color":"","overlay-opacity":"","overlay-gradient":""}},"ast-content-background-meta":{"desktop":{"background-color":"var(--ast-global-color-5)","background-image":"","background-repeat":"repeat","background-position":"center center","background-size":"auto","background-attachment":"scroll","background-type":"","background-media":"","overlay-type":"","overlay-color":"","overlay-opacity":"","overlay-gradient":""},"tablet":{"background-color":"var(--ast-global-color-5)","background-image":"","background-repeat":"repeat","background-position":"center center","background-size":"auto","background-attachment":"scroll","background-type":"","background-media":"","overlay-type":"","overlay-color":"","overlay-opacity":"","overlay-gradient":""},"mobile":{"background-color":"var(--ast-global-color-5)","background-image":"","background-repeat":"repeat","background-position":"center center","background-size":"auto","background-attachment":"scroll","background-type":"","background-media":"","overlay-type":"","overlay-color":"","overlay-opacity":"","overlay-gradient":""}},"footnotes":""},"class_list":["post-22","page","type-page","status-publish","hentry"],"yoast_head":"<!-- This site is optimized with the Yoast SEO plugin v27.3 - https:\/\/yoast.com\/product\/yoast-seo-wordpress\/ -->\n<title>\u00bfQui\u00e9nes somos? - Oleo Mitiga<\/title>\n<meta name=\"description\" content=\"\u00bfQui\u00e9nes somos? - Consorcio interdisciplinar con experiencia acreditada en el olivar tradicional andaluz al que aplica sus conocimientos.\" \/>\n<meta name=\"robots\" content=\"index, follow, max-snippet:-1, max-image-preview:large, max-video-preview:-1\" \/>\n<link rel=\"canonical\" href=\"https:\/\/oleomitiga.com\/index.php\/quienes-somos\/\" \/>\n<meta property=\"og:locale\" content=\"es_ES\" \/>\n<meta property=\"og:type\" content=\"article\" \/>\n<meta property=\"og:title\" content=\"\u00bfQui\u00e9nes somos? - Oleo Mitiga\" \/>\n<meta property=\"og:description\" content=\"\u00bfQui\u00e9nes somos? - Consorcio interdisciplinar con experiencia acreditada en el olivar tradicional andaluz al que aplica sus conocimientos.\" \/>\n<meta property=\"og:url\" content=\"https:\/\/oleomitiga.com\/index.php\/quienes-somos\/\" \/>\n<meta property=\"article:modified_time\" content=\"2025-05-05T10:43:44+00:00\" \/>\n<meta property=\"og:image\" content=\"https:\/\/oleomitiga.com\/wp-content\/uploads\/2024\/05\/Diseno-sin-titulo-13.png\" \/>\n\t<meta property=\"og:image:width\" content=\"1080\" \/>\n\t<meta property=\"og:image:height\" content=\"1080\" \/>\n\t<meta property=\"og:image:type\" content=\"image\/png\" \/>\n<meta name=\"twitter:card\" content=\"summary_large_image\" \/>\n<meta name=\"twitter:label1\" content=\"Tiempo de lectura\" \/>\n\t<meta name=\"twitter:data1\" content=\"4 minutos\" \/>\n<script type=\"application\/ld+json\" class=\"yoast-schema-graph\">{\"@context\":\"https:\\\/\\\/schema.org\",\"@graph\":[{\"@type\":\"WebPage\",\"@id\":\"https:\\\/\\\/oleomitiga.com\\\/index.php\\\/quienes-somos\\\/\",\"url\":\"https:\\\/\\\/oleomitiga.com\\\/index.php\\\/quienes-somos\\\/\",\"name\":\"\u00bfQui\u00e9nes somos? - Oleo Mitiga\",\"isPartOf\":{\"@id\":\"https:\\\/\\\/oleomitiga.com\\\/#website\"},\"primaryImageOfPage\":{\"@id\":\"https:\\\/\\\/oleomitiga.com\\\/index.php\\\/quienes-somos\\\/#primaryimage\"},\"image\":{\"@id\":\"https:\\\/\\\/oleomitiga.com\\\/index.php\\\/quienes-somos\\\/#primaryimage\"},\"thumbnailUrl\":\"https:\\\/\\\/oleomitiga.com\\\/wp-content\\\/uploads\\\/2024\\\/05\\\/Diseno-sin-titulo-13.png\",\"datePublished\":\"2024-04-23T10:22:32+00:00\",\"dateModified\":\"2025-05-05T10:43:44+00:00\",\"description\":\"\u00bfQui\u00e9nes somos? - Consorcio interdisciplinar con experiencia acreditada en el olivar tradicional andaluz al que aplica sus conocimientos.\",\"breadcrumb\":{\"@id\":\"https:\\\/\\\/oleomitiga.com\\\/index.php\\\/quienes-somos\\\/#breadcrumb\"},\"inLanguage\":\"es\",\"potentialAction\":[{\"@type\":\"ReadAction\",\"target\":[\"https:\\\/\\\/oleomitiga.com\\\/index.php\\\/quienes-somos\\\/\"]}]},{\"@type\":\"ImageObject\",\"inLanguage\":\"es\",\"@id\":\"https:\\\/\\\/oleomitiga.com\\\/index.php\\\/quienes-somos\\\/#primaryimage\",\"url\":\"https:\\\/\\\/oleomitiga.com\\\/wp-content\\\/uploads\\\/2024\\\/05\\\/Diseno-sin-titulo-13.png\",\"contentUrl\":\"https:\\\/\\\/oleomitiga.com\\\/wp-content\\\/uploads\\\/2024\\\/05\\\/Diseno-sin-titulo-13.png\",\"width\":1080,\"height\":1080},{\"@type\":\"BreadcrumbList\",\"@id\":\"https:\\\/\\\/oleomitiga.com\\\/index.php\\\/quienes-somos\\\/#breadcrumb\",\"itemListElement\":[{\"@type\":\"ListItem\",\"position\":1,\"name\":\"Portada\",\"item\":\"https:\\\/\\\/oleomitiga.com\\\/\"},{\"@type\":\"ListItem\",\"position\":2,\"name\":\"\u00bfQui\u00e9nes somos?\"}]},{\"@type\":\"WebSite\",\"@id\":\"https:\\\/\\\/oleomitiga.com\\\/#website\",\"url\":\"https:\\\/\\\/oleomitiga.com\\\/\",\"name\":\"\",\"description\":\"\",\"potentialAction\":[{\"@type\":\"SearchAction\",\"target\":{\"@type\":\"EntryPoint\",\"urlTemplate\":\"https:\\\/\\\/oleomitiga.com\\\/?s={search_term_string}\"},\"query-input\":{\"@type\":\"PropertyValueSpecification\",\"valueRequired\":true,\"valueName\":\"search_term_string\"}}],\"inLanguage\":\"es\"}]}<\/script>\n<!-- \/ Yoast SEO plugin. -->","yoast_head_json":{"title":"\u00bfQui\u00e9nes somos? - Oleo Mitiga","description":"\u00bfQui\u00e9nes somos? - Consorcio interdisciplinar con experiencia acreditada en el olivar tradicional andaluz al que aplica sus conocimientos.","robots":{"index":"index","follow":"follow","max-snippet":"max-snippet:-1","max-image-preview":"max-image-preview:large","max-video-preview":"max-video-preview:-1"},"canonical":"https:\/\/oleomitiga.com\/index.php\/quienes-somos\/","og_locale":"es_ES","og_type":"article","og_title":"\u00bfQui\u00e9nes somos? - Oleo Mitiga","og_description":"\u00bfQui\u00e9nes somos? - Consorcio interdisciplinar con experiencia acreditada en el olivar tradicional andaluz al que aplica sus conocimientos.","og_url":"https:\/\/oleomitiga.com\/index.php\/quienes-somos\/","article_modified_time":"2025-05-05T10:43:44+00:00","og_image":[{"width":1080,"height":1080,"url":"https:\/\/oleomitiga.com\/wp-content\/uploads\/2024\/05\/Diseno-sin-titulo-13.png","type":"image\/png"}],"twitter_card":"summary_large_image","twitter_misc":{"Tiempo de lectura":"4 minutos"},"schema":{"@context":"https:\/\/schema.org","@graph":[{"@type":"WebPage","@id":"https:\/\/oleomitiga.com\/index.php\/quienes-somos\/","url":"https:\/\/oleomitiga.com\/index.php\/quienes-somos\/","name":"\u00bfQui\u00e9nes somos? - Oleo Mitiga","isPartOf":{"@id":"https:\/\/oleomitiga.com\/#website"},"primaryImageOfPage":{"@id":"https:\/\/oleomitiga.com\/index.php\/quienes-somos\/#primaryimage"},"image":{"@id":"https:\/\/oleomitiga.com\/index.php\/quienes-somos\/#primaryimage"},"thumbnailUrl":"https:\/\/oleomitiga.com\/wp-content\/uploads\/2024\/05\/Diseno-sin-titulo-13.png","datePublished":"2024-04-23T10:22:32+00:00","dateModified":"2025-05-05T10:43:44+00:00","description":"\u00bfQui\u00e9nes somos? - Consorcio interdisciplinar con experiencia acreditada en el olivar tradicional andaluz al que aplica sus conocimientos.","breadcrumb":{"@id":"https:\/\/oleomitiga.com\/index.php\/quienes-somos\/#breadcrumb"},"inLanguage":"es","potentialAction":[{"@type":"ReadAction","target":["https:\/\/oleomitiga.com\/index.php\/quienes-somos\/"]}]},{"@type":"ImageObject","inLanguage":"es","@id":"https:\/\/oleomitiga.com\/index.php\/quienes-somos\/#primaryimage","url":"https:\/\/oleomitiga.com\/wp-content\/uploads\/2024\/05\/Diseno-sin-titulo-13.png","contentUrl":"https:\/\/oleomitiga.com\/wp-content\/uploads\/2024\/05\/Diseno-sin-titulo-13.png","width":1080,"height":1080},{"@type":"BreadcrumbList","@id":"https:\/\/oleomitiga.com\/index.php\/quienes-somos\/#breadcrumb","itemListElement":[{"@type":"ListItem","position":1,"name":"Portada","item":"https:\/\/oleomitiga.com\/"},{"@type":"ListItem","position":2,"name":"\u00bfQui\u00e9nes somos?"}]},{"@type":"WebSite","@id":"https:\/\/oleomitiga.com\/#website","url":"https:\/\/oleomitiga.com\/","name":"","description":"","potentialAction":[{"@type":"SearchAction","target":{"@type":"EntryPoint","urlTemplate":"https:\/\/oleomitiga.com\/?s={search_term_string}"},"query-input":{"@type":"PropertyValueSpecification","valueRequired":true,"valueName":"search_term_string"}}],"inLanguage":"es"}]}},"_links":{"self":[{"href":"https:\/\/oleomitiga.com\/index.php\/wp-json\/wp\/v2\/pages\/22","targetHints":{"allow":["GET"]}}],"collection":[{"href":"https:\/\/oleomitiga.com\/index.php\/wp-json\/wp\/v2\/pages"}],"about":[{"href":"https:\/\/oleomitiga.com\/index.php\/wp-json\/wp\/v2\/types\/page"}],"author":[{"embeddable":true,"href":"https:\/\/oleomitiga.com\/index.php\/wp-json\/wp\/v2\/users\/1"}],"replies":[{"embeddable":true,"href":"https:\/\/oleomitiga.com\/index.php\/wp-json\/wp\/v2\/comments?post=22"}],"version-history":[{"count":23,"href":"https:\/\/oleomitiga.com\/index.php\/wp-json\/wp\/v2\/pages\/22\/revisions"}],"predecessor-version":[{"id":718,"href":"https:\/\/oleomitiga.com\/index.php\/wp-json\/wp\/v2\/pages\/22\/revisions\/718"}],"wp:attachment":[{"href":"https:\/\/oleomitiga.com\/index.php\/wp-json\/wp\/v2\/media?parent=22"}],"curies":[{"name":"wp","href":"https:\/\/api.w.org\/{rel}","templated":true}]}}