{"id":12,"date":"2024-04-23T10:14:13","date_gmt":"2024-04-23T10:14:13","guid":{"rendered":"https:\/\/oleomitiga.com\/?page_id=12"},"modified":"2024-05-22T10:06:39","modified_gmt":"2024-05-22T10:06:39","slug":"sobre-oleo-mitiga","status":"publish","type":"page","link":"https:\/\/oleomitiga.com\/index.php\/sobre-oleo-mitiga\/","title":{"rendered":"Sobre Oleo Mitiga"},"content":{"rendered":"\n<div class=\"wp-block-columns alignfull is-layout-flex wp-container-core-columns-is-layout-28f84493 wp-block-columns-is-layout-flex\">\n<div class=\"wp-block-column is-layout-flow wp-block-column-is-layout-flow\" style=\"flex-basis:33.33%\">\n<div style=\"height:71px\" aria-hidden=\"true\" class=\"wp-block-spacer\"><\/div>\n\n\n\n<figure class=\"wp-block-image aligncenter size-large is-resized\"><img fetchpriority=\"high\" decoding=\"async\" width=\"1024\" height=\"1024\" src=\"https:\/\/oleomitiga.com\/wp-content\/uploads\/2024\/05\/Oleo-Mitiga-web-1-1024x1024.png\" alt=\"\" class=\"wp-image-542\" style=\"width:411px;height:auto\" srcset=\"https:\/\/oleomitiga.com\/wp-content\/uploads\/2024\/05\/Oleo-Mitiga-web-1-1024x1024.png 1024w, https:\/\/oleomitiga.com\/wp-content\/uploads\/2024\/05\/Oleo-Mitiga-web-1-300x300.png 300w, https:\/\/oleomitiga.com\/wp-content\/uploads\/2024\/05\/Oleo-Mitiga-web-1-150x150.png 150w, https:\/\/oleomitiga.com\/wp-content\/uploads\/2024\/05\/Oleo-Mitiga-web-1-768x768.png 768w, https:\/\/oleomitiga.com\/wp-content\/uploads\/2024\/05\/Oleo-Mitiga-web-1-12x12.png 12w, https:\/\/oleomitiga.com\/wp-content\/uploads\/2024\/05\/Oleo-Mitiga-web-1.png 1080w\" sizes=\"(max-width: 1024px) 100vw, 1024px\" \/><\/figure>\n<\/div>\n\n\n\n<div class=\"wp-block-column is-layout-flow wp-block-column-is-layout-flow\" style=\"flex-basis:66.66%\">\n<div style=\"height:71px\" aria-hidden=\"true\" class=\"wp-block-spacer\"><\/div>\n\n\n\n<h2 class=\"wp-block-heading\"><strong><mark style=\"background-color:rgba(0, 0, 0, 0);color:#94921f\" class=\"has-inline-color\">Qui\u00e9nes somos<\/mark><\/strong><\/h2>\n\n\n\n<p class=\"has-ast-global-color-7-color has-text-color has-link-color has-medium-font-size wp-elements-64d64bf77d9dab0543e1d8aec1ce28a1\">El <strong><a href=\"https:\/\/oleomitiga.com\/index.php\/quienes-somos\/\">Grupo Operativo<\/a> <mark style=\"background-color:rgba(0, 0, 0, 0);color:#94921f\" class=\"has-inline-color\">OLEO MITIGA<\/mark><\/strong> es un consorcio interdisciplinar con experiencia acreditada en el olivar tradicional andaluz al que aplica sus conocimientos y experiencias en <strong><mark style=\"background-color:rgba(0, 0, 0, 0);color:#94921f\" class=\"has-inline-color\">ecolog\u00eda<\/mark><\/strong>, <strong><mark style=\"background-color:rgba(0, 0, 0, 0);color:#94921f\" class=\"has-inline-color\">ingenier\u00eda<\/mark><\/strong>, <strong><mark style=\"background-color:rgba(0, 0, 0, 0);color:#94921f\" class=\"has-inline-color\">ciencias clim\u00e1ticas<\/mark><\/strong>, <strong><mark style=\"background-color:rgba(0, 0, 0, 0);color:#94921f\" class=\"has-inline-color\">ciclo global del carbono<\/mark><\/strong>, <strong><mark style=\"background-color:rgba(0, 0, 0, 0);color:#94921f\" class=\"has-inline-color\">ciencias del suelo<\/mark><\/strong>, <strong><mark style=\"background-color:rgba(0, 0, 0, 0);color:#94921f\" class=\"has-inline-color\">ciencias de observaci\u00f3n de la tierra por sat\u00e9lite e in situ<\/mark><\/strong>, <strong><mark style=\"background-color:rgba(0, 0, 0, 0);color:#94921f\" class=\"has-inline-color\">agronom\u00eda<\/mark><\/strong>, <strong><mark style=\"background-color:rgba(0, 0, 0, 0);color:#94921f\" class=\"has-inline-color\">econom\u00eda<\/mark><\/strong>, <strong><mark style=\"background-color:rgba(0, 0, 0, 0);color:#94921f\" class=\"has-inline-color\">ciencias sociales<\/mark><\/strong><mark style=\"background-color:rgba(0, 0, 0, 0);color:#214814\" class=\"has-inline-color\"> <\/mark>y <strong><mark style=\"background-color:rgba(0, 0, 0, 0);color:#94921f\" class=\"has-inline-color\">negocios<\/mark><\/strong>.<\/p>\n\n\n\n<p class=\"has-medium-font-size\">Con una s\u00f3lida experiencia acreditada, OLEO MITIGA se dedica a desarrollar estrategias innovadoras que promuevan <mark style=\"background-color:rgba(0, 0, 0, 0);color:#94921f\" class=\"has-inline-color\"><strong>pr\u00e1cticas agr\u00edcolas m\u00e1s eficientes y sostenibles<\/strong><\/mark>. Su alcance multidisciplinario posicionan al consorcio como un actor clave en el impulso de soluciones integrales para los desaf\u00edos del olivar andaluz.<\/p>\n<\/div>\n<\/div>\n\n\n\n<div class=\"wp-block-columns alignfull has-white-background-color has-background is-layout-flex wp-container-core-columns-is-layout-28f84493 wp-block-columns-is-layout-flex\">\n<div class=\"wp-block-column is-layout-flow wp-block-column-is-layout-flow\">\n<div class=\"wp-block-columns is-layout-flex wp-container-core-columns-is-layout-28f84493 wp-block-columns-is-layout-flex\">\n<div class=\"wp-block-column is-layout-flow wp-block-column-is-layout-flow\" style=\"flex-basis:66.66%\">\n<h2 class=\"wp-block-heading\"><strong><mark style=\"background-color:rgba(0, 0, 0, 0);color:#cfad14\" class=\"has-inline-color\">Tecnolog\u00edas de Mitigaci\u00f3n Basadas en la Tierra (LMTs)<\/mark><\/strong><\/h2>\n\n\n\n<p class=\"has-black-color has-text-color has-link-color has-medium-font-size wp-elements-1673e0e90995639db8f728310ac2c07d\">Aproximadamente el 30 % de las contribuciones determinadas a escala nacional del <mark style=\"background-color:rgba(0, 0, 0, 0);color:#cfad14\" class=\"has-inline-color\"><strong><a href=\"https:\/\/unfccc.int\/es\/acerca-de-las-ndc\/el-acuerdo-de-paris\" target=\"_blank\" rel=\"noreferrer noopener\">Acuerdo de Par\u00eds (AP)<\/a><\/strong> <\/mark>incluyen medidas de mitigaci\u00f3n basadas en la tierra, pero sigue habiendo importantes incertidumbres sobre su eficacia para generar<mark style=\"background-color:rgba(0, 0, 0, 0);color:#cfad14\" class=\"has-inline-color\"> <strong>emisiones negativas<\/strong>.<\/mark><\/p>\n\n\n\n<p class=\"has-black-color has-text-color has-link-color has-medium-font-size wp-elements-00b0b3d4760d65ad5e565b8069fa4098\">Las tecnolog\u00edas de mitigaci\u00f3n basadas en el uso de la tierra (<strong><mark style=\"background-color:rgba(0, 0, 0, 0);color:#cfad14\" class=\"has-inline-color\">LMTs &#8211; Land mitigation technologies<\/mark><mark style=\"background-color:rgba(0, 0, 0, 0)\" class=\"has-inline-color has-ast-global-color-5-color\"> <\/mark><\/strong>del concepto en ingl\u00e9s) pueden desempe\u00f1ar un papel crucial en los esfuerzos mundiales por alcanzar los objetivos del Acuerdo de Par\u00eds y los Objetivos de Desarrollo Sostenible (ODS).<\/p>\n<\/div>\n\n\n\n<div class=\"wp-block-column is-layout-flow wp-block-column-is-layout-flow\" style=\"flex-basis:33.33%\">\n<figure class=\"wp-block-video alignright\"><video height=\"1080\" style=\"aspect-ratio: 1080 \/ 1080;\" width=\"1080\" autoplay loop muted src=\"https:\/\/oleomitiga.com\/wp-content\/uploads\/2024\/05\/Diseno-sin-titulo-4.mp4\"><\/video><\/figure>\n<\/div>\n<\/div>\n<\/div>\n<\/div>\n\n\n\n<div class=\"wp-block-columns alignfull has-background is-layout-flex wp-container-core-columns-is-layout-28f84493 wp-block-columns-is-layout-flex\" style=\"background-color:#94921f\">\n<div class=\"wp-block-column is-layout-flow wp-block-column-is-layout-flow\" style=\"flex-basis:33.33%\">\n<figure class=\"wp-block-image aligncenter size-large is-resized\"><img decoding=\"async\" width=\"1024\" height=\"1024\" src=\"https:\/\/oleomitiga.com\/wp-content\/uploads\/2024\/05\/Diseno-sin-titulo-6-1024x1024.png\" alt=\"\" class=\"wp-image-265\" style=\"width:423px;height:auto\" srcset=\"https:\/\/oleomitiga.com\/wp-content\/uploads\/2024\/05\/Diseno-sin-titulo-6-1024x1024.png 1024w, https:\/\/oleomitiga.com\/wp-content\/uploads\/2024\/05\/Diseno-sin-titulo-6-300x300.png 300w, https:\/\/oleomitiga.com\/wp-content\/uploads\/2024\/05\/Diseno-sin-titulo-6-150x150.png 150w, https:\/\/oleomitiga.com\/wp-content\/uploads\/2024\/05\/Diseno-sin-titulo-6-768x768.png 768w, https:\/\/oleomitiga.com\/wp-content\/uploads\/2024\/05\/Diseno-sin-titulo-6-12x12.png 12w, https:\/\/oleomitiga.com\/wp-content\/uploads\/2024\/05\/Diseno-sin-titulo-6.png 1080w\" sizes=\"(max-width: 1024px) 100vw, 1024px\" \/><\/figure>\n<\/div>\n\n\n\n<div class=\"wp-block-column is-layout-flow wp-block-column-is-layout-flow\" style=\"flex-basis:66.66%\">\n<h2 class=\"wp-block-heading\"><strong><mark style=\"background-color:rgba(0, 0, 0, 0)\" class=\"has-inline-color has-ast-global-color-5-color\">Evaluaci\u00f3n del impacto del olivar<\/mark><\/strong><\/h2>\n\n\n\n<p class=\"has-black-color has-text-color has-link-color has-medium-font-size wp-elements-5fb036ff3f4f084d9fc8aaee5df5f5be\">Teniendo en cuenta la interfaz tierra-clima-desarrollo, el Grupo Operativo Oleo Mitiga pretende <strong><mark style=\"background-color:rgba(0, 0, 0, 0)\" class=\"has-inline-color has-ast-global-color-5-color\">evaluar el impacto de las tecnolog\u00edas de mitigaci\u00f3n aplicadas en el olivar tradicional andaluz<\/mark><mark style=\"background-color:rgba(0, 0, 0, 0);color:#94921f\" class=\"has-inline-color\"> <\/mark><\/strong>como sumideros netos de gases de efecto invernadero (GEI) aplicando un enfoque \u00fanico de <mark style=\"background-color:rgba(0, 0, 0, 0)\" class=\"has-inline-color has-ast-global-color-5-color\"><strong>m\u00e9todos mixtos<\/strong>.<\/mark><\/p>\n\n\n\n<p class=\"has-black-color has-text-color has-link-color has-medium-font-size wp-elements-1adc6726d67d426ad8cfc9a01accc608\">Este enfoque de m\u00e9todos mixtos permite ofrecer una visi\u00f3n m\u00e1s detallada sobre la<mark style=\"background-color:rgba(0, 0, 0, 0)\" class=\"has-inline-color has-ast-global-color-5-color\"> <strong>eficacia y la resistencia clim\u00e1tica de las LMTs a diferentes escalas espaciales<\/strong><\/mark>, por ejemplo, desde el nivel parcela\/explotaci\u00f3n hasta el comarcal\/regional.<\/p>\n<\/div>\n<\/div>\n\n\n\n<div class=\"wp-block-columns alignfull has-ast-global-color-5-background-color has-background is-layout-flex wp-container-core-columns-is-layout-28f84493 wp-block-columns-is-layout-flex\">\n<div class=\"wp-block-column is-layout-flow wp-block-column-is-layout-flow\">\n<div class=\"wp-block-columns is-layout-flex wp-container-core-columns-is-layout-28f84493 wp-block-columns-is-layout-flex\">\n<div class=\"wp-block-column is-vertically-aligned-top is-layout-flow wp-block-column-is-layout-flow\" style=\"flex-basis:66.66%\">\n<h2 class=\"wp-block-heading\"><strong><strong><mark style=\"background-color:rgba(0, 0, 0, 0);color:#94921f\" class=\"has-inline-color\">Colaboraci\u00f3n para un futuro sostenible<\/mark><\/strong><\/strong><\/h2>\n\n\n\n<p class=\"has-text-align-left has-medium-font-size\">Estas herramientas, servicios y enfoques contribuir\u00e1n a que el sector privado y los responsables pol\u00edticos tomen decisiones sobre las LMTs basados en la tierra aplicadas al olivar tradicional. Estas buenas pr\u00e1cticas tienen adem\u00e1s un<strong><mark style=\"background-color:rgba(0, 0, 0, 0);color:#94921f\" class=\"has-inline-color\"> innovador valor a\u00f1adido<\/mark><\/strong>, un nuevo concepto que, de ser compatible, supondr\u00eda una verdadera revoluci\u00f3n para aportar un <strong><mark style=\"background-color:rgba(0, 0, 0, 0);color:#94921f\" class=\"has-inline-color\">recurso adicional a la gesti\u00f3n de las explotaciones y las \u00e1reas de olivar tradicional. <\/mark><\/strong><\/p>\n\n\n\n<p class=\"has-medium-font-size\">Las buenas pr\u00e1cticas pueden ser adem\u00e1s consideradas como LMTs, en caso que se acredite que <mark style=\"background-color:rgba(0, 0, 0, 0);color:#94921f\" class=\"has-inline-color\"><strong>secuestran y almacenan carbono<\/strong> <\/mark>y contribuyen por tanto a la <strong><mark style=\"background-color:rgba(0, 0, 0, 0);color:#94921f\" class=\"has-inline-color\">mitigaci\u00f3n del cambio clim\u00e1tico<\/mark><\/strong>. Creemos en la colaboraci\u00f3n entre agricultores y todas las partes interesadas para reducir costos y maximizar los beneficios tanto ambientales como econ\u00f3micos. <\/p>\n<\/div>\n\n\n\n<div class=\"wp-block-column is-layout-flow wp-block-column-is-layout-flow\" style=\"flex-basis:33.33%\">\n<figure class=\"wp-block-video alignright\"><video height=\"1080\" style=\"aspect-ratio: 1080 \/ 1080;\" width=\"1080\" autoplay loop muted src=\"https:\/\/oleomitiga.com\/wp-content\/uploads\/2024\/05\/Diseno-sin-titulo-6.mp4\"><\/video><\/figure>\n<\/div>\n<\/div>\n<\/div>\n<\/div>\n\n\n\n<div style=\"height:100px\" aria-hidden=\"true\" class=\"wp-block-spacer\"><\/div>\n\n\n\n<p class=\"has-text-align-center has-large-font-size\"><strong><em><mark style=\"background-color:rgba(0, 0, 0, 0);color:#94921f\" class=\"has-inline-color\">\u00a1Juntos, podemos enfrentar el desaf\u00edo del cambio clim\u00e1tico y crear un futuro m\u00e1s sostenible para todos!<\/mark><\/em><\/strong><\/p>\n\n\n\n<div style=\"height:147px\" aria-hidden=\"true\" class=\"wp-block-spacer\"><\/div>\n","protected":false},"excerpt":{"rendered":"<p>Qui\u00e9nes somos El Grupo Operativo OLEO MITIGA es un consorcio interdisciplinar con experiencia acreditada en el olivar tradicional andaluz al [&hellip;]<\/p>\n","protected":false},"author":1,"featured_media":0,"parent":0,"menu_order":0,"comment_status":"closed","ping_status":"closed","template":"","meta":{"site-sidebar-layout":"default","site-content-layout":"","ast-site-content-layout":"default","site-content-style":"default","site-sidebar-style":"default","ast-global-header-display":"","ast-banner-title-visibility":"","ast-main-header-display":"","ast-hfb-above-header-display":"","ast-hfb-below-header-display":"","ast-hfb-mobile-header-display":"","site-post-title":"disabled","ast-breadcrumbs-content":"","ast-featured-img":"","footer-sml-layout":"","theme-transparent-header-meta":"","adv-header-id-meta":"","stick-header-meta":"","header-above-stick-meta":"","header-main-stick-meta":"","header-below-stick-meta":"","astra-migrate-meta-layouts":"default","ast-page-background-enabled":"default","ast-page-background-meta":{"desktop":{"background-color":"var(--ast-global-color-4)","background-image":"","background-repeat":"repeat","background-position":"center center","background-size":"auto","background-attachment":"scroll","background-type":"","background-media":"","overlay-type":"","overlay-color":"","overlay-opacity":"","overlay-gradient":""},"tablet":{"background-color":"","background-image":"","background-repeat":"repeat","background-position":"center center","background-size":"auto","background-attachment":"scroll","background-type":"","background-media":"","overlay-type":"","overlay-color":"","overlay-opacity":"","overlay-gradient":""},"mobile":{"background-color":"","background-image":"","background-repeat":"repeat","background-position":"center center","background-size":"auto","background-attachment":"scroll","background-type":"","background-media":"","overlay-type":"","overlay-color":"","overlay-opacity":"","overlay-gradient":""}},"ast-content-background-meta":{"desktop":{"background-color":"var(--ast-global-color-5)","background-image":"","background-repeat":"repeat","background-position":"center center","background-size":"auto","background-attachment":"scroll","background-type":"","background-media":"","overlay-type":"","overlay-color":"","overlay-opacity":"","overlay-gradient":""},"tablet":{"background-color":"var(--ast-global-color-5)","background-image":"","background-repeat":"repeat","background-position":"center center","background-size":"auto","background-attachment":"scroll","background-type":"","background-media":"","overlay-type":"","overlay-color":"","overlay-opacity":"","overlay-gradient":""},"mobile":{"background-color":"var(--ast-global-color-5)","background-image":"","background-repeat":"repeat","background-position":"center center","background-size":"auto","background-attachment":"scroll","background-type":"","background-media":"","overlay-type":"","overlay-color":"","overlay-opacity":"","overlay-gradient":""}},"footnotes":""},"class_list":["post-12","page","type-page","status-publish","hentry"],"yoast_head":"<!-- This site is optimized with the Yoast SEO plugin v27.3 - https:\/\/yoast.com\/product\/yoast-seo-wordpress\/ -->\n<title>Sobre Oleo Mitiga -<\/title>\n<meta name=\"description\" content=\"Sobre Oleo Mitiga - Convirtiendo olivares en sumideros de gases de efecto invernadero. Tecnolog\u00edas para la sostenibilidad agr\u00edcola.\" \/>\n<meta name=\"robots\" content=\"index, follow, max-snippet:-1, max-image-preview:large, max-video-preview:-1\" \/>\n<link rel=\"canonical\" href=\"https:\/\/oleomitiga.com\/index.php\/sobre-oleo-mitiga\/\" \/>\n<meta property=\"og:locale\" content=\"es_ES\" \/>\n<meta property=\"og:type\" content=\"article\" \/>\n<meta property=\"og:title\" content=\"Sobre Oleo Mitiga -\" \/>\n<meta property=\"og:description\" content=\"Sobre Oleo Mitiga - Convirtiendo olivares en sumideros de gases de efecto invernadero. Tecnolog\u00edas para la sostenibilidad agr\u00edcola.\" \/>\n<meta property=\"og:url\" content=\"https:\/\/oleomitiga.com\/index.php\/sobre-oleo-mitiga\/\" \/>\n<meta property=\"article:modified_time\" content=\"2024-05-22T10:06:39+00:00\" \/>\n<meta property=\"og:image\" content=\"https:\/\/oleomitiga.com\/wp-content\/uploads\/2024\/05\/Oleo-Mitiga-web-1-1024x1024.png\" \/>\n<meta name=\"twitter:card\" content=\"summary_large_image\" \/>\n<meta name=\"twitter:label1\" content=\"Tiempo de lectura\" \/>\n\t<meta name=\"twitter:data1\" content=\"3 minutos\" \/>\n<script type=\"application\/ld+json\" class=\"yoast-schema-graph\">{\"@context\":\"https:\\\/\\\/schema.org\",\"@graph\":[{\"@type\":\"WebPage\",\"@id\":\"https:\\\/\\\/oleomitiga.com\\\/index.php\\\/sobre-oleo-mitiga\\\/\",\"url\":\"https:\\\/\\\/oleomitiga.com\\\/index.php\\\/sobre-oleo-mitiga\\\/\",\"name\":\"Sobre Oleo Mitiga -\",\"isPartOf\":{\"@id\":\"https:\\\/\\\/oleomitiga.com\\\/#website\"},\"primaryImageOfPage\":{\"@id\":\"https:\\\/\\\/oleomitiga.com\\\/index.php\\\/sobre-oleo-mitiga\\\/#primaryimage\"},\"image\":{\"@id\":\"https:\\\/\\\/oleomitiga.com\\\/index.php\\\/sobre-oleo-mitiga\\\/#primaryimage\"},\"thumbnailUrl\":\"https:\\\/\\\/oleomitiga.com\\\/wp-content\\\/uploads\\\/2024\\\/05\\\/Oleo-Mitiga-web-1-1024x1024.png\",\"datePublished\":\"2024-04-23T10:14:13+00:00\",\"dateModified\":\"2024-05-22T10:06:39+00:00\",\"description\":\"Sobre Oleo Mitiga - Convirtiendo olivares en sumideros de gases de efecto invernadero. Tecnolog\u00edas para la sostenibilidad agr\u00edcola.\",\"breadcrumb\":{\"@id\":\"https:\\\/\\\/oleomitiga.com\\\/index.php\\\/sobre-oleo-mitiga\\\/#breadcrumb\"},\"inLanguage\":\"es\",\"potentialAction\":[{\"@type\":\"ReadAction\",\"target\":[\"https:\\\/\\\/oleomitiga.com\\\/index.php\\\/sobre-oleo-mitiga\\\/\"]}]},{\"@type\":\"ImageObject\",\"inLanguage\":\"es\",\"@id\":\"https:\\\/\\\/oleomitiga.com\\\/index.php\\\/sobre-oleo-mitiga\\\/#primaryimage\",\"url\":\"https:\\\/\\\/oleomitiga.com\\\/wp-content\\\/uploads\\\/2024\\\/05\\\/Oleo-Mitiga-web-1.png\",\"contentUrl\":\"https:\\\/\\\/oleomitiga.com\\\/wp-content\\\/uploads\\\/2024\\\/05\\\/Oleo-Mitiga-web-1.png\",\"width\":1080,\"height\":1080},{\"@type\":\"BreadcrumbList\",\"@id\":\"https:\\\/\\\/oleomitiga.com\\\/index.php\\\/sobre-oleo-mitiga\\\/#breadcrumb\",\"itemListElement\":[{\"@type\":\"ListItem\",\"position\":1,\"name\":\"Portada\",\"item\":\"https:\\\/\\\/oleomitiga.com\\\/\"},{\"@type\":\"ListItem\",\"position\":2,\"name\":\"Sobre Oleo Mitiga\"}]},{\"@type\":\"WebSite\",\"@id\":\"https:\\\/\\\/oleomitiga.com\\\/#website\",\"url\":\"https:\\\/\\\/oleomitiga.com\\\/\",\"name\":\"\",\"description\":\"\",\"potentialAction\":[{\"@type\":\"SearchAction\",\"target\":{\"@type\":\"EntryPoint\",\"urlTemplate\":\"https:\\\/\\\/oleomitiga.com\\\/?s={search_term_string}\"},\"query-input\":{\"@type\":\"PropertyValueSpecification\",\"valueRequired\":true,\"valueName\":\"search_term_string\"}}],\"inLanguage\":\"es\"}]}<\/script>\n<!-- \/ Yoast SEO plugin. -->","yoast_head_json":{"title":"Sobre Oleo Mitiga -","description":"Sobre Oleo Mitiga - Convirtiendo olivares en sumideros de gases de efecto invernadero. Tecnolog\u00edas para la sostenibilidad agr\u00edcola.","robots":{"index":"index","follow":"follow","max-snippet":"max-snippet:-1","max-image-preview":"max-image-preview:large","max-video-preview":"max-video-preview:-1"},"canonical":"https:\/\/oleomitiga.com\/index.php\/sobre-oleo-mitiga\/","og_locale":"es_ES","og_type":"article","og_title":"Sobre Oleo Mitiga -","og_description":"Sobre Oleo Mitiga - Convirtiendo olivares en sumideros de gases de efecto invernadero. Tecnolog\u00edas para la sostenibilidad agr\u00edcola.","og_url":"https:\/\/oleomitiga.com\/index.php\/sobre-oleo-mitiga\/","article_modified_time":"2024-05-22T10:06:39+00:00","og_image":[{"url":"https:\/\/oleomitiga.com\/wp-content\/uploads\/2024\/05\/Oleo-Mitiga-web-1-1024x1024.png","type":"","width":"","height":""}],"twitter_card":"summary_large_image","twitter_misc":{"Tiempo de lectura":"3 minutos"},"schema":{"@context":"https:\/\/schema.org","@graph":[{"@type":"WebPage","@id":"https:\/\/oleomitiga.com\/index.php\/sobre-oleo-mitiga\/","url":"https:\/\/oleomitiga.com\/index.php\/sobre-oleo-mitiga\/","name":"Sobre Oleo Mitiga -","isPartOf":{"@id":"https:\/\/oleomitiga.com\/#website"},"primaryImageOfPage":{"@id":"https:\/\/oleomitiga.com\/index.php\/sobre-oleo-mitiga\/#primaryimage"},"image":{"@id":"https:\/\/oleomitiga.com\/index.php\/sobre-oleo-mitiga\/#primaryimage"},"thumbnailUrl":"https:\/\/oleomitiga.com\/wp-content\/uploads\/2024\/05\/Oleo-Mitiga-web-1-1024x1024.png","datePublished":"2024-04-23T10:14:13+00:00","dateModified":"2024-05-22T10:06:39+00:00","description":"Sobre Oleo Mitiga - Convirtiendo olivares en sumideros de gases de efecto invernadero. Tecnolog\u00edas para la sostenibilidad agr\u00edcola.","breadcrumb":{"@id":"https:\/\/oleomitiga.com\/index.php\/sobre-oleo-mitiga\/#breadcrumb"},"inLanguage":"es","potentialAction":[{"@type":"ReadAction","target":["https:\/\/oleomitiga.com\/index.php\/sobre-oleo-mitiga\/"]}]},{"@type":"ImageObject","inLanguage":"es","@id":"https:\/\/oleomitiga.com\/index.php\/sobre-oleo-mitiga\/#primaryimage","url":"https:\/\/oleomitiga.com\/wp-content\/uploads\/2024\/05\/Oleo-Mitiga-web-1.png","contentUrl":"https:\/\/oleomitiga.com\/wp-content\/uploads\/2024\/05\/Oleo-Mitiga-web-1.png","width":1080,"height":1080},{"@type":"BreadcrumbList","@id":"https:\/\/oleomitiga.com\/index.php\/sobre-oleo-mitiga\/#breadcrumb","itemListElement":[{"@type":"ListItem","position":1,"name":"Portada","item":"https:\/\/oleomitiga.com\/"},{"@type":"ListItem","position":2,"name":"Sobre Oleo Mitiga"}]},{"@type":"WebSite","@id":"https:\/\/oleomitiga.com\/#website","url":"https:\/\/oleomitiga.com\/","name":"","description":"","potentialAction":[{"@type":"SearchAction","target":{"@type":"EntryPoint","urlTemplate":"https:\/\/oleomitiga.com\/?s={search_term_string}"},"query-input":{"@type":"PropertyValueSpecification","valueRequired":true,"valueName":"search_term_string"}}],"inLanguage":"es"}]}},"_links":{"self":[{"href":"https:\/\/oleomitiga.com\/index.php\/wp-json\/wp\/v2\/pages\/12","targetHints":{"allow":["GET"]}}],"collection":[{"href":"https:\/\/oleomitiga.com\/index.php\/wp-json\/wp\/v2\/pages"}],"about":[{"href":"https:\/\/oleomitiga.com\/index.php\/wp-json\/wp\/v2\/types\/page"}],"author":[{"embeddable":true,"href":"https:\/\/oleomitiga.com\/index.php\/wp-json\/wp\/v2\/users\/1"}],"replies":[{"embeddable":true,"href":"https:\/\/oleomitiga.com\/index.php\/wp-json\/wp\/v2\/comments?post=12"}],"version-history":[{"count":39,"href":"https:\/\/oleomitiga.com\/index.php\/wp-json\/wp\/v2\/pages\/12\/revisions"}],"predecessor-version":[{"id":547,"href":"https:\/\/oleomitiga.com\/index.php\/wp-json\/wp\/v2\/pages\/12\/revisions\/547"}],"wp:attachment":[{"href":"https:\/\/oleomitiga.com\/index.php\/wp-json\/wp\/v2\/media?parent=12"}],"curies":[{"name":"wp","href":"https:\/\/api.w.org\/{rel}","templated":true}]}}